{"id":486,"date":"2024-05-24T10:27:23","date_gmt":"2024-05-24T09:27:23","guid":{"rendered":"https:\/\/www.serrurierspeed.ch\/web\/?page_id=486"},"modified":"2024-05-24T10:27:24","modified_gmt":"2024-05-24T09:27:24","slug":"serrurier-geneve","status":"publish","type":"page","link":"https:\/\/www.serrurierspeed.ch\/web\/serrurier-geneve\/","title":{"rendered":"Serrurier Gen\u00e8ve"},"content":{"rendered":"<div  class='flex_column av-av_one_full-7420270dda896a7728e3c90b94d24f81 av_one_full  avia-builder-el-0  el_before_av_one_full  avia-builder-el-first  first flex_column_div  '     ><section  class='av_textblock_section av-lwkh998m-b3632b27b236ceb9350830c12acefc36 '   itemscope=\"itemscope\" itemtype=\"https:\/\/schema.org\/CreativeWork\" ><div class='avia_textblock'  itemprop=\"text\" ><h1>Serrurier Gen\u00e8ve<\/h1>\n<\/div><\/section><\/div><div  class='flex_column av-av_one_full-7420270dda896a7728e3c90b94d24f81 av_one_full  avia-builder-el-2  el_after_av_one_full  el_before_av_one_full  first flex_column_div  column-top-margin'     ><section  class='av_textblock_section av-lwkh9e28-646ed9b3e495f2c5122f49f10337c843 '   itemscope=\"itemscope\" itemtype=\"https:\/\/schema.org\/CreativeWork\" ><div class='avia_textblock'  itemprop=\"text\" ><h2>D\u00e9pannage rapide \u00e0 Gen\u00e8ve<\/h2>\n<\/div><\/section><\/div><div  class='flex_column av-av_one_full-7420270dda896a7728e3c90b94d24f81 av_one_full  avia-builder-el-4  el_after_av_one_full  el_before_av_one_full  first flex_column_div  column-top-margin'     ><style type=\"text\/css\" data-created_by=\"avia_inline_auto\" id=\"style-css-av-av_textblock-038d2e6d08460ddeaf6220ade8fd4ad9\">\n#top .av_textblock_section.av-av_textblock-038d2e6d08460ddeaf6220ade8fd4ad9 .avia_textblock{\nfont-size:26px;\ncolor:#ff3d3d;\n}\n<\/style>\n<section  class='av_textblock_section av-av_textblock-038d2e6d08460ddeaf6220ade8fd4ad9 '   itemscope=\"itemscope\" itemtype=\"https:\/\/schema.org\/CreativeWork\" ><div class='avia_textblock av_inherit_color'  itemprop=\"text\" ><p>URGENCE :<\/p>\n<p>T\u00e9l. <strong>022 320 15 15<\/strong><\/p>\n<p>Mob. <strong>078 311 44 44<\/strong><\/p>\n<\/div><\/section><\/div><\/p>\n<div  class='flex_column av-av_one_full-7420270dda896a7728e3c90b94d24f81 av_one_full  avia-builder-el-6  el_after_av_one_full  el_before_av_one_full  first flex_column_div  column-top-margin'     ><section  class='av_textblock_section av-av_textblock-0165d6d04a7ef8dcb05aced91fa9179c '   itemscope=\"itemscope\" itemtype=\"https:\/\/schema.org\/CreativeWork\" ><div class='avia_textblock'  itemprop=\"text\" ><h3>Serrurier Speed &#8211; Nos services<\/h3>\n<\/div><\/section><\/div>\n<div  class='flex_column av-av_one_full-7420270dda896a7728e3c90b94d24f81 av_one_full  avia-builder-el-8  el_after_av_one_full  el_before_av_one_full  first flex_column_div  column-top-margin'     ><section  class='av_textblock_section av-lwkh9k4d-f20664b7f6e1c80ed34c72fa9323001b '   itemscope=\"itemscope\" itemtype=\"https:\/\/schema.org\/CreativeWork\" ><div class='avia_textblock'  itemprop=\"text\" ><h4 class=\"western\">Ouverture de portes 24\/7 \u00e0 Gen\u00e8ve<\/h4>\n<p class=\"western\">Vous venez de claquer la porte de votre habitation, vous venez de perdre vos clefs et vous avez besoin d\u2019ouvrir votre porte. Serrurier Speed intervient sous 30 minutes.<\/p>\n<\/div><\/section><br \/>\n<section  class='av_textblock_section av-av_textblock-0165d6d04a7ef8dcb05aced91fa9179c '   itemscope=\"itemscope\" itemtype=\"https:\/\/schema.org\/CreativeWork\" ><div class='avia_textblock'  itemprop=\"text\" ><h4 class=\"western\">Remplacement de serrures<\/h4>\n<p class=\"western\">Vous avez subi une tentative de cambriolage, une perte de cl\u00e9 ou votre serrure est tout simplement abim\u00e9e par l\u2019usure et le temps. Nous intervenons chez vous 24h\/24, 7j\/7.<\/p>\n<p class=\"western\">Nos \u00e9quipes interviennent rapidement \u00e0 domicile pour le remplacement de votre serrure sur la r\u00e9gion l\u00e9manique<\/p>\n<\/div><\/section><br \/>\n<section  class='av_textblock_section av-av_textblock-0165d6d04a7ef8dcb05aced91fa9179c '   itemscope=\"itemscope\" itemtype=\"https:\/\/schema.org\/CreativeWork\" ><div class='avia_textblock'  itemprop=\"text\" ><h4 class=\"western\">Installation de serrures de s\u00e9curit\u00e9<\/h4>\n<p class=\"western\">Mettez votre maison ou vos locaux \u00e0 l&rsquo;abri des cambrioleurs gr\u00e2ce \u00e0 l&rsquo;installation de syst\u00e8mes de verrouillage avanc\u00e9s.<\/p>\n<\/div><\/section><br \/>\n<section  class='av_textblock_section av-av_textblock-0165d6d04a7ef8dcb05aced91fa9179c '   itemscope=\"itemscope\" itemtype=\"https:\/\/schema.org\/CreativeWork\" ><div class='avia_textblock'  itemprop=\"text\" ><h4 class=\"western\">Installation de coffres forts<\/h4>\n<p class=\"western\">Vous avez besoin de s\u00e9curiser votre entr\u00e9e, alors demandez notre expert en s\u00e9curit\u00e9 pour l\u2019installation de votre porte blind\u00e9e ou d\u2019un blindage de porte.<\/p>\n<p class=\"western\">Nos \u00e9quipes interviennent rapidement \u00e0 domicile pour l\u2019installation de votre coffre-fort \u00e0 Gen\u00e8ve<\/p>\n<\/div><\/section><br \/>\n<section  class='av_textblock_section av-av_textblock-0165d6d04a7ef8dcb05aced91fa9179c '   itemscope=\"itemscope\" itemtype=\"https:\/\/schema.org\/CreativeWork\" ><div class='avia_textblock'  itemprop=\"text\" ><h4 class=\"western\">Portes Blind\u00e9es<\/h4>\n<p class=\"western\">Prot\u00e9gez votre habitation contre tout type d\u2019effraction gr\u00e2ce \u00e0 l\u2019installation d\u2019une porte blind\u00e9e.<\/p>\n<\/div><\/section><\/p><\/div><div  class='flex_column av-av_one_full-7420270dda896a7728e3c90b94d24f81 av_one_full  avia-builder-el-14  el_after_av_one_full  el_before_av_one_full  first flex_column_div  column-top-margin'     ><section  class='av_textblock_section av-av_textblock-0165d6d04a7ef8dcb05aced91fa9179c '   itemscope=\"itemscope\" itemtype=\"https:\/\/schema.org\/CreativeWork\" ><div class='avia_textblock'  itemprop=\"text\" ><h3 class=\"western\">Pourquoi choisir Serrurier Speed?<\/h3>\n<p class=\"western\">Nous sommes rapide, tr\u00e8s rapide! Serrurier Speed intervient en 30 minutes.<\/p>\n<\/div><\/section><\/div><\/p>\n<div  class='flex_column av-av_one_full-7420270dda896a7728e3c90b94d24f81 av_one_full  avia-builder-el-16  el_after_av_one_full  el_before_av_textblock  first flex_column_div  column-top-margin'     ><section  class='av_textblock_section av-av_textblock-0165d6d04a7ef8dcb05aced91fa9179c '   itemscope=\"itemscope\" itemtype=\"https:\/\/schema.org\/CreativeWork\" ><div class='avia_textblock'  itemprop=\"text\" ><h4 class=\"western\">25 ans d\u2019exp\u00e9rience<\/h4>\n<p class=\"western\">Ce qui fera toujours la diff\u00e9rence comme dirait la pub.<\/p>\n<\/div><\/section><br \/>\n<section  class='av_textblock_section av-av_textblock-0165d6d04a7ef8dcb05aced91fa9179c '   itemscope=\"itemscope\" itemtype=\"https:\/\/schema.org\/CreativeWork\" ><div class='avia_textblock'  itemprop=\"text\" ><h4 class=\"western\">Prix comp\u00e9titif<\/h4>\n<p class=\"western\">Transparence\u00a0: finis les mauvaises surprises gr\u00e2ce \u00e0 des prix clairement indiqu\u00e9s et d\u00e9finis avant chacune de nos interventions.<\/p>\n<\/div><\/section><br \/>\n<section  class='av_textblock_section av-lwkh9u8b-202eb63d9da63c9b3ce25397d295604f '   itemscope=\"itemscope\" itemtype=\"https:\/\/schema.org\/CreativeWork\" ><div class='avia_textblock'  itemprop=\"text\" ><h4 class=\"western\">Des grandes marques partenaires de SerrurierSpeed<\/h4>\n<p class=\"western\">SerrurierSpeed intervient \u00e0 Gen\u00e8ve et dans tout le canton de gen\u00e8ve<\/p>\n<p class=\"western\">D\u00e9pannage Serrurerie Gen\u00e8ve Rapide &#8211; SOS Serrures ou cl\u00e9s cass\u00e9es Ouverture de porte Gen\u00e8ve 24h\/24<\/p>\n<\/div><\/section><br \/>\n<section  class='av_textblock_section av-av_textblock-0165d6d04a7ef8dcb05aced91fa9179c '   itemscope=\"itemscope\" itemtype=\"https:\/\/schema.org\/CreativeWork\" ><div class='avia_textblock'  itemprop=\"text\" ><h4 class=\"western\">Double de cl\u00e9s<\/h4>\n<p class=\"western\">Nous pouvons vous faire un double de vos clef tr\u00e8s rapidement gr\u00e2ce \u00e0 nos partenaires sur toutes la r\u00e9gion.<\/p>\n<\/div><\/section><\/p><\/div><section  class='av_textblock_section av-av_textblock-56e5d3d80c035594a54be1d9eed7c9cf '   itemscope=\"itemscope\" itemtype=\"https:\/\/schema.org\/CreativeWork\" ><div class='avia_textblock'  itemprop=\"text\" ><p>Cliquer ici pour ajouter votre propre texte<\/p>\n<\/div><\/section><\/p>\n","protected":false},"excerpt":{"rendered":"","protected":false},"author":4,"featured_media":0,"parent":0,"menu_order":0,"comment_status":"closed","ping_status":"closed","template":"","meta":{"footnotes":""},"class_list":["post-486","page","type-page","status-publish","hentry"],"yoast_head":"<!-- This site is optimized with the Yoast SEO plugin v24.9 - https:\/\/yoast.com\/wordpress\/plugins\/seo\/ -->\n<title>Serrurier Gen\u00e8ve - SERRURIER GENEVE DEPANNAGE - Depannage Serrurerie Geneve Rapide - SOS Serrures ou cl\u00e9s cass\u00e9es Ouverture de porte Gen\u00e8ve 24h\/24<\/title>\n<meta name=\"description\" content=\"Serrurier Gen\u00e8ve\" \/>\n<meta name=\"robots\" content=\"index, follow, max-snippet:-1, max-image-preview:large, max-video-preview:-1\" \/>\n<link rel=\"canonical\" href=\"https:\/\/www.serrurierspeed.ch\/web\/serrurier-geneve\/\" \/>\n<meta property=\"og:locale\" content=\"fr_FR\" \/>\n<meta property=\"og:type\" content=\"article\" \/>\n<meta property=\"og:title\" content=\"Serrurier Gen\u00e8ve - SERRURIER GENEVE DEPANNAGE - Depannage Serrurerie Geneve Rapide - SOS Serrures ou cl\u00e9s cass\u00e9es Ouverture de porte Gen\u00e8ve 24h\/24\" \/>\n<meta property=\"og:description\" content=\"Serrurier Gen\u00e8ve\" \/>\n<meta property=\"og:url\" content=\"https:\/\/www.serrurierspeed.ch\/web\/serrurier-geneve\/\" \/>\n<meta property=\"og:site_name\" content=\"SERRURIER GENEVE DEPANNAGE - Depannage Serrurerie Geneve Rapide - SOS Serrures ou cl\u00e9s cass\u00e9es Ouverture de porte Gen\u00e8ve 24h\/24\" \/>\n<meta property=\"article:publisher\" content=\"https:\/\/www.facebook.com\/serrurierspeed\" \/>\n<meta property=\"article:modified_time\" content=\"2024-05-24T09:27:24+00:00\" \/>\n<meta name=\"twitter:card\" content=\"summary_large_image\" \/>\n<meta name=\"twitter:label1\" content=\"Dur\u00e9e de lecture estim\u00e9e\" \/>\n\t<meta name=\"twitter:data1\" content=\"2 minutes\" \/>\n<script type=\"application\/ld+json\" class=\"yoast-schema-graph\">{\"@context\":\"https:\/\/schema.org\",\"@graph\":[{\"@type\":\"WebPage\",\"@id\":\"https:\/\/www.serrurierspeed.ch\/web\/serrurier-geneve\/\",\"url\":\"https:\/\/www.serrurierspeed.ch\/web\/serrurier-geneve\/\",\"name\":\"Serrurier Gen\u00e8ve - SERRURIER GENEVE DEPANNAGE - Depannage Serrurerie Geneve Rapide - SOS Serrures ou cl\u00e9s cass\u00e9es Ouverture de porte Gen\u00e8ve 24h\/24\",\"isPartOf\":{\"@id\":\"https:\/\/www.serrurierspeed.ch\/web\/#website\"},\"datePublished\":\"2024-05-24T09:27:23+00:00\",\"dateModified\":\"2024-05-24T09:27:24+00:00\",\"description\":\"Serrurier Gen\u00e8ve\",\"breadcrumb\":{\"@id\":\"https:\/\/www.serrurierspeed.ch\/web\/serrurier-geneve\/#breadcrumb\"},\"inLanguage\":\"fr-FR\",\"potentialAction\":[{\"@type\":\"ReadAction\",\"target\":[\"https:\/\/www.serrurierspeed.ch\/web\/serrurier-geneve\/\"]}]},{\"@type\":\"BreadcrumbList\",\"@id\":\"https:\/\/www.serrurierspeed.ch\/web\/serrurier-geneve\/#breadcrumb\",\"itemListElement\":[{\"@type\":\"ListItem\",\"position\":1,\"name\":\"Accueil\",\"item\":\"https:\/\/www.serrurierspeed.ch\/web\/\"},{\"@type\":\"ListItem\",\"position\":2,\"name\":\"Serrurier Gen\u00e8ve\"}]},{\"@type\":\"WebSite\",\"@id\":\"https:\/\/www.serrurierspeed.ch\/web\/#website\",\"url\":\"https:\/\/www.serrurierspeed.ch\/web\/\",\"name\":\"SERRURIER GENEVE DEPANNAGE - Depannage Serrurerie Geneve Rapide - SOS Serrures ou cl\u00e9s cass\u00e9es Ouverture de porte Gen\u00e8ve 24h\/24\",\"description\":\"SERRURIER SPEED Depannage Geneve pas chers\",\"publisher\":{\"@id\":\"https:\/\/www.serrurierspeed.ch\/web\/#organization\"},\"potentialAction\":[{\"@type\":\"SearchAction\",\"target\":{\"@type\":\"EntryPoint\",\"urlTemplate\":\"https:\/\/www.serrurierspeed.ch\/web\/?s={search_term_string}\"},\"query-input\":{\"@type\":\"PropertyValueSpecification\",\"valueRequired\":true,\"valueName\":\"search_term_string\"}}],\"inLanguage\":\"fr-FR\"},{\"@type\":\"Organization\",\"@id\":\"https:\/\/www.serrurierspeed.ch\/web\/#organization\",\"name\":\"SERRURIER SPEED GENEVE DEPANNAGE - Depannage Serrurerie Geneve Rapide - SOS Serrures ou cl\u00e9s Cass\u00e9e Ouverture de porte Gen\u00e8ve 24h\/24\",\"url\":\"https:\/\/www.serrurierspeed.ch\/web\/\",\"logo\":{\"@type\":\"ImageObject\",\"inLanguage\":\"fr-FR\",\"@id\":\"https:\/\/www.serrurierspeed.ch\/web\/#\/schema\/logo\/image\/\",\"url\":\"https:\/\/www.serrurierspeed.ch\/web\/wp-content\/uploads\/2024\/04\/Capture-decran-2024-04-26-a-16.51.41.png\",\"contentUrl\":\"https:\/\/www.serrurierspeed.ch\/web\/wp-content\/uploads\/2024\/04\/Capture-decran-2024-04-26-a-16.51.41.png\",\"width\":614,\"height\":176,\"caption\":\"SERRURIER SPEED GENEVE DEPANNAGE - Depannage Serrurerie Geneve Rapide - SOS Serrures ou cl\u00e9s Cass\u00e9e Ouverture de porte Gen\u00e8ve 24h\/24\"},\"image\":{\"@id\":\"https:\/\/www.serrurierspeed.ch\/web\/#\/schema\/logo\/image\/\"},\"sameAs\":[\"https:\/\/www.facebook.com\/serrurierspeed\"]}]}<\/script>\n<!-- \/ Yoast SEO plugin. -->","yoast_head_json":{"title":"Serrurier Gen\u00e8ve - SERRURIER GENEVE DEPANNAGE - Depannage Serrurerie Geneve Rapide - SOS Serrures ou cl\u00e9s cass\u00e9es Ouverture de porte Gen\u00e8ve 24h\/24","description":"Serrurier Gen\u00e8ve","robots":{"index":"index","follow":"follow","max-snippet":"max-snippet:-1","max-image-preview":"max-image-preview:large","max-video-preview":"max-video-preview:-1"},"canonical":"https:\/\/www.serrurierspeed.ch\/web\/serrurier-geneve\/","og_locale":"fr_FR","og_type":"article","og_title":"Serrurier Gen\u00e8ve - SERRURIER GENEVE DEPANNAGE - Depannage Serrurerie Geneve Rapide - SOS Serrures ou cl\u00e9s cass\u00e9es Ouverture de porte Gen\u00e8ve 24h\/24","og_description":"Serrurier Gen\u00e8ve","og_url":"https:\/\/www.serrurierspeed.ch\/web\/serrurier-geneve\/","og_site_name":"SERRURIER GENEVE DEPANNAGE - Depannage Serrurerie Geneve Rapide - SOS Serrures ou cl\u00e9s cass\u00e9es Ouverture de porte Gen\u00e8ve 24h\/24","article_publisher":"https:\/\/www.facebook.com\/serrurierspeed","article_modified_time":"2024-05-24T09:27:24+00:00","twitter_card":"summary_large_image","twitter_misc":{"Dur\u00e9e de lecture estim\u00e9e":"2 minutes"},"schema":{"@context":"https:\/\/schema.org","@graph":[{"@type":"WebPage","@id":"https:\/\/www.serrurierspeed.ch\/web\/serrurier-geneve\/","url":"https:\/\/www.serrurierspeed.ch\/web\/serrurier-geneve\/","name":"Serrurier Gen\u00e8ve - SERRURIER GENEVE DEPANNAGE - Depannage Serrurerie Geneve Rapide - SOS Serrures ou cl\u00e9s cass\u00e9es Ouverture de porte Gen\u00e8ve 24h\/24","isPartOf":{"@id":"https:\/\/www.serrurierspeed.ch\/web\/#website"},"datePublished":"2024-05-24T09:27:23+00:00","dateModified":"2024-05-24T09:27:24+00:00","description":"Serrurier Gen\u00e8ve","breadcrumb":{"@id":"https:\/\/www.serrurierspeed.ch\/web\/serrurier-geneve\/#breadcrumb"},"inLanguage":"fr-FR","potentialAction":[{"@type":"ReadAction","target":["https:\/\/www.serrurierspeed.ch\/web\/serrurier-geneve\/"]}]},{"@type":"BreadcrumbList","@id":"https:\/\/www.serrurierspeed.ch\/web\/serrurier-geneve\/#breadcrumb","itemListElement":[{"@type":"ListItem","position":1,"name":"Accueil","item":"https:\/\/www.serrurierspeed.ch\/web\/"},{"@type":"ListItem","position":2,"name":"Serrurier Gen\u00e8ve"}]},{"@type":"WebSite","@id":"https:\/\/www.serrurierspeed.ch\/web\/#website","url":"https:\/\/www.serrurierspeed.ch\/web\/","name":"SERRURIER GENEVE DEPANNAGE - Depannage Serrurerie Geneve Rapide - SOS Serrures ou cl\u00e9s cass\u00e9es Ouverture de porte Gen\u00e8ve 24h\/24","description":"SERRURIER SPEED Depannage Geneve pas chers","publisher":{"@id":"https:\/\/www.serrurierspeed.ch\/web\/#organization"},"potentialAction":[{"@type":"SearchAction","target":{"@type":"EntryPoint","urlTemplate":"https:\/\/www.serrurierspeed.ch\/web\/?s={search_term_string}"},"query-input":{"@type":"PropertyValueSpecification","valueRequired":true,"valueName":"search_term_string"}}],"inLanguage":"fr-FR"},{"@type":"Organization","@id":"https:\/\/www.serrurierspeed.ch\/web\/#organization","name":"SERRURIER SPEED GENEVE DEPANNAGE - Depannage Serrurerie Geneve Rapide - SOS Serrures ou cl\u00e9s Cass\u00e9e Ouverture de porte Gen\u00e8ve 24h\/24","url":"https:\/\/www.serrurierspeed.ch\/web\/","logo":{"@type":"ImageObject","inLanguage":"fr-FR","@id":"https:\/\/www.serrurierspeed.ch\/web\/#\/schema\/logo\/image\/","url":"https:\/\/www.serrurierspeed.ch\/web\/wp-content\/uploads\/2024\/04\/Capture-decran-2024-04-26-a-16.51.41.png","contentUrl":"https:\/\/www.serrurierspeed.ch\/web\/wp-content\/uploads\/2024\/04\/Capture-decran-2024-04-26-a-16.51.41.png","width":614,"height":176,"caption":"SERRURIER SPEED GENEVE DEPANNAGE - Depannage Serrurerie Geneve Rapide - SOS Serrures ou cl\u00e9s Cass\u00e9e Ouverture de porte Gen\u00e8ve 24h\/24"},"image":{"@id":"https:\/\/www.serrurierspeed.ch\/web\/#\/schema\/logo\/image\/"},"sameAs":["https:\/\/www.facebook.com\/serrurierspeed"]}]}},"_links":{"self":[{"href":"https:\/\/www.serrurierspeed.ch\/web\/wp-json\/wp\/v2\/pages\/486","targetHints":{"allow":["GET"]}}],"collection":[{"href":"https:\/\/www.serrurierspeed.ch\/web\/wp-json\/wp\/v2\/pages"}],"about":[{"href":"https:\/\/www.serrurierspeed.ch\/web\/wp-json\/wp\/v2\/types\/page"}],"author":[{"embeddable":true,"href":"https:\/\/www.serrurierspeed.ch\/web\/wp-json\/wp\/v2\/users\/4"}],"replies":[{"embeddable":true,"href":"https:\/\/www.serrurierspeed.ch\/web\/wp-json\/wp\/v2\/comments?post=486"}],"version-history":[{"count":1,"href":"https:\/\/www.serrurierspeed.ch\/web\/wp-json\/wp\/v2\/pages\/486\/revisions"}],"predecessor-version":[{"id":487,"href":"https:\/\/www.serrurierspeed.ch\/web\/wp-json\/wp\/v2\/pages\/486\/revisions\/487"}],"wp:attachment":[{"href":"https:\/\/www.serrurierspeed.ch\/web\/wp-json\/wp\/v2\/media?parent=486"}],"curies":[{"name":"wp","href":"https:\/\/api.w.org\/{rel}","templated":true}]}}