{"id":23,"date":"2015-10-15T15:32:40","date_gmt":"2015-10-15T14:32:40","guid":{"rendered":"http:\/\/wpoffice\/construction\/?page_id=23"},"modified":"2025-03-20T13:51:30","modified_gmt":"2025-03-20T12:51:30","slug":"contacter-un-serrurier","status":"publish","type":"page","link":"https:\/\/www.serrurierspeed.ch\/web\/contacter-un-serrurier\/","title":{"rendered":"Contact"},"content":{"rendered":"\n\n<style type=\"text\/css\" data-created_by=\"avia_inline_auto\" id=\"style-css-av-if55z-9b4d4ac92c1ac565e7262a02736464a6\">\n.flex_column.av-if55z-9b4d4ac92c1ac565e7262a02736464a6{\n-webkit-border-radius:0px 0px 0px 0px;\n-moz-border-radius:0px 0px 0px 0px;\nborder-radius:0px 0px 0px 0px;\npadding:0px 0px 0px 0px;\n}\n<\/style>\n<div  class='flex_column av-if55z-9b4d4ac92c1ac565e7262a02736464a6 av_two_third  avia-builder-el-1  el_after_av_google_map  el_before_av_one_third  avia-builder-el-first  first flex_column_div av-animated-generic bottom-to-top av-zero-column-padding  '     ><p>\n<style type=\"text\/css\" data-created_by=\"avia_inline_auto\" id=\"style-css-av-hrcon-6e8f89423892cc5149602d6416df6907\">\n#top .av-special-heading.av-hrcon-6e8f89423892cc5149602d6416df6907{\npadding-bottom:0;\n}\nbody .av-special-heading.av-hrcon-6e8f89423892cc5149602d6416df6907 .av-special-heading-tag .heading-char{\nfont-size:25px;\n}\n.av-special-heading.av-hrcon-6e8f89423892cc5149602d6416df6907 .av-subheading{\nfont-size:15px;\n}\n<\/style>\n<div  class='av-special-heading av-hrcon-6e8f89423892cc5149602d6416df6907 av-special-heading-h3 blockquote modern-quote  avia-builder-el-2  el_before_av_hr  avia-builder-el-first '><h3 class='av-special-heading-tag'  itemprop=\"headline\"  >Votre message<\/h3><div class=\"special-heading-border\"><div class=\"special-heading-inner-border\"><\/div><\/div><\/div><br \/>\n\n<style type=\"text\/css\" data-created_by=\"avia_inline_auto\" id=\"style-css-av-1pnrr-bef71056a7d0caaab96c7e8e2425b239\">\n#top .hr.av-1pnrr-bef71056a7d0caaab96c7e8e2425b239{\nmargin-top:10px;\nmargin-bottom:10px;\n}\n.hr.av-1pnrr-bef71056a7d0caaab96c7e8e2425b239 .hr-inner{\nwidth:50px;\nborder-color:#efbb20;\n}\n<\/style>\n<div  class='hr av-1pnrr-bef71056a7d0caaab96c7e8e2425b239 hr-custom  avia-builder-el-3  el_after_av_heading  el_before_av_contact  hr-left hr-icon-no'><span class='hr-inner inner-border-av-border-fat'><span class=\"hr-inner-style\"><\/span><\/span><\/div><br \/>\n<form action=\"https:\/\/www.serrurierspeed.ch\/web\/contacter-un-serrurier\/\" method=\"post\" data-fields-with-error=\"Found errors in the following field(s):\" class=\"avia_ajax_form av-form-labels-visible   avia-builder-el-4  el_after_av_hr  avia-builder-el-last   \" data-avia-form-id=\"1\" data-avia-redirect='' ><h3 class=''>Demande de devis \/ Questions<\/h3><fieldset><p class='  first_form  form_element form_element_half' id='element_avia_1_1'><label for=\"avia_1_1\">Nom <abbr class=\"required\" title=\"requis(e)\">*<\/abbr><\/label> <input name=\"avia_1_1\" class=\"text_input is_empty\" type=\"text\" id=\"avia_1_1\" value=\"\" \/><\/p><p class='  form_element form_element_half' id='element_avia_2_1'><label for=\"avia_2_1\">E-Mail <abbr class=\"required\" title=\"requis(e)\">*<\/abbr><\/label> <input name=\"avia_2_1\" class=\"text_input is_email\" type=\"text\" id=\"avia_2_1\" value=\"\" \/><\/p><p class='  first_form  form_element form_element_half' id='element_avia_3_1'><label for=\"avia_3_1\">Sujet <abbr class=\"required\" title=\"requis(e)\">*<\/abbr><\/label> <input name=\"avia_3_1\" class=\"text_input is_empty\" type=\"text\" id=\"avia_3_1\" value=\"\" \/><\/p><p class='  first_form  form_element form_fullwidth' id='element_avia_4_1'><label for=\"avia_4_1\" class=\"textare_label hidden textare_label_avia_4_1\">Message <abbr class=\"required\" title=\"requis(e)\">*<\/abbr><\/label><textarea  name=\"avia_4_1\" class=\"text_area is_empty\" cols=\"40\" rows=\"7\" id=\"avia_4_1\" ><\/textarea><\/p><p class=\"hidden\"><input type=\"text\" name=\"avia_5_1\" class=\"hidden \" id=\"avia_5_1\" value=\"\" \/><\/p><p class='   form_element form_fullwidth' id='element_avia_6_1'><span class='value_verifier_label'>3 + 4 = ?<\/span><input name=\"avia_6_1_verifier\" type=\"hidden\" id=\"avia_6_1_verifier\" value=\"747478746\"\/><label for=\"avia_6_1\">Merci de prouver que vous \u00eates un humain en donnant le r\u00e9sultat de cette op\u00e9ration <abbr class=\"required\" title=\"requis(e)\">*<\/abbr><\/label><input name=\"avia_6_1\" class=\"text_input captcha\" type=\"text\" id=\"avia_6_1\" value=\"\"\/><\/p><p class=\"form_element \"><input type=\"hidden\" value=\"1\" name=\"avia_generated_form1\" \/><input type=\"submit\" value=\"Envoyer\" class=\"button\"  data-sending-label=\"Envoi\"\/><\/p><\/fieldset><\/form><div id=\"ajaxresponse_1\" class=\"ajaxresponse ajaxresponse_1 hidden\"><\/div><\/p><\/div>\n<style type=\"text\/css\" data-created_by=\"avia_inline_auto\" id=\"style-css-av-dgmmf-82f1d473357a969516aa1ab467083ad2\">\n.flex_column.av-dgmmf-82f1d473357a969516aa1ab467083ad2{\n-webkit-border-radius:0px 0px 0px 0px;\n-moz-border-radius:0px 0px 0px 0px;\nborder-radius:0px 0px 0px 0px;\npadding:0px 0px 0px 0px;\n}\n<\/style>\n<div  class='flex_column av-dgmmf-82f1d473357a969516aa1ab467083ad2 av_one_third  avia-builder-el-5  el_after_av_two_third  el_before_av_textblock  flex_column_div av-animated-generic bottom-to-top av-zero-column-padding  '     ><p>\n<style type=\"text\/css\" data-created_by=\"avia_inline_auto\" id=\"style-css-av-d339z-f11ce50bfa77a385cc6f68e82d28092e\">\n#top .av-special-heading.av-d339z-f11ce50bfa77a385cc6f68e82d28092e{\npadding-bottom:0;\n}\nbody .av-special-heading.av-d339z-f11ce50bfa77a385cc6f68e82d28092e .av-special-heading-tag .heading-char{\nfont-size:25px;\n}\n.av-special-heading.av-d339z-f11ce50bfa77a385cc6f68e82d28092e .av-subheading{\nfont-size:15px;\n}\n<\/style>\n<div  class='av-special-heading av-d339z-f11ce50bfa77a385cc6f68e82d28092e av-special-heading-h3 blockquote modern-quote  avia-builder-el-6  el_before_av_hr  avia-builder-el-first '><h3 class='av-special-heading-tag'  itemprop=\"headline\"  >Pour tout renseignement<\/h3><div class=\"special-heading-border\"><div class=\"special-heading-inner-border\"><\/div><\/div><\/div><br \/>\n\n<style type=\"text\/css\" data-created_by=\"avia_inline_auto\" id=\"style-css-av-cgddj-7a391ba8d96f6b67bdcd5d49412d3e08\">\n#top .hr.av-cgddj-7a391ba8d96f6b67bdcd5d49412d3e08{\nmargin-top:10px;\nmargin-bottom:10px;\n}\n.hr.av-cgddj-7a391ba8d96f6b67bdcd5d49412d3e08 .hr-inner{\nwidth:50px;\nborder-color:#efbb20;\n}\n<\/style>\n<div  class='hr av-cgddj-7a391ba8d96f6b67bdcd5d49412d3e08 hr-custom  avia-builder-el-7  el_after_av_heading  el_before_av_textblock  hr-left hr-icon-no'><span class='hr-inner inner-border-av-border-fat'><span class=\"hr-inner-style\"><\/span><\/span><\/div><br \/>\n<section  class='av_textblock_section av-bh63b-026d7c174aa89335d6f6083f8fef1727 '   itemscope=\"itemscope\" itemtype=\"https:\/\/schema.org\/CreativeWork\" ><div class='avia_textblock'  itemprop=\"text\" ><p>Vous pouvez nous adresser un message par ce formulaire si vous avez une demande de devis ou toute autre questions.<\/p>\n<\/div><\/section><br \/>\n\n<style type=\"text\/css\" data-created_by=\"avia_inline_auto\" id=\"style-css-av-aubvb-448b0a0209ab5155232b3c12d1e98dda\">\n#top .hr.av-aubvb-448b0a0209ab5155232b3c12d1e98dda{\nmargin-top:10px;\nmargin-bottom:10px;\n}\n.hr.av-aubvb-448b0a0209ab5155232b3c12d1e98dda .hr-inner{\nwidth:50px;\nborder-color:#efbb20;\n}\n<\/style>\n<div  class='hr av-aubvb-448b0a0209ab5155232b3c12d1e98dda hr-custom  avia-builder-el-9  el_after_av_textblock  el_before_av_textblock  hr-left hr-icon-no'><span class='hr-inner inner-border-av-border-fat'><span class=\"hr-inner-style\"><\/span><\/span><\/div><br \/>\n<section  class='av_textblock_section av-an9e7-8e8b434e532e8ee42e830115afb331e4 '   itemscope=\"itemscope\" itemtype=\"https:\/\/schema.org\/CreativeWork\" ><div class='avia_textblock'  itemprop=\"text\" ><p>Vous pouvez nous adresser un message par ce formulaire si vous avez une demande de devis ou toute autre questions.<\/p>\n<\/div><\/section><br \/>\n\n<style type=\"text\/css\" data-created_by=\"avia_inline_auto\" id=\"style-css-av-1e91n-b7107a1bee49764fc586a8cf14612914\">\n#top .hr.av-1e91n-b7107a1bee49764fc586a8cf14612914{\nmargin-top:10px;\nmargin-bottom:10px;\n}\n.hr.av-1e91n-b7107a1bee49764fc586a8cf14612914 .hr-inner{\nwidth:50px;\nborder-color:#efbb20;\n}\n<\/style>\n<div  class='hr av-1e91n-b7107a1bee49764fc586a8cf14612914 hr-custom  avia-builder-el-11  el_after_av_textblock  el_before_av_textblock  hr-left hr-icon-no'><span class='hr-inner inner-border-av-border-fat'><span class=\"hr-inner-style\"><\/span><\/span><\/div><br \/>\n<section  class='av_textblock_section av-105en-74e853871448ae563a878111f5bf202e '   itemscope=\"itemscope\" itemtype=\"https:\/\/schema.org\/CreativeWork\" ><div class='avia_textblock'  itemprop=\"text\" ><p><strong>Addresse<\/strong><br \/>\nrue Charles-Cusin 8<br \/>\n1201 Gen\u00e8ve <strong>Contact<\/strong><br \/>\n<span class=\"phone\"><span class=\"label\">T\u00e9l\u00e9phone<\/span> <span class=\"value\"><a class=\"tel\" href=\"tel:+41223201515\">022 320 15 15 <\/a><\/span><\/span><span class=\"phone\"><span class=\"value\"><span class=\"star\">*<\/span><\/span><\/span><span class=\"mobile\"><span class=\"label\">Mobile<\/span> <span class=\"value\"><a class=\"tel\" href=\"tel:+41783114444\">078 311 44 44 <\/a><span class=\"star\">*<\/span><\/span><\/span>D\u00e9pannage 7\/7 et 24h\/24h<\/p>\n<\/div><\/section><\/p><\/div><\/p>\n<section  class='av_textblock_section av-womz-2c39f172795c7715668aca8d08096721 '   itemscope=\"itemscope\" itemtype=\"https:\/\/schema.org\/CreativeWork\" ><div class='avia_textblock'  itemprop=\"text\" ><\/p>\n<\/div><\/section>\n","protected":false},"excerpt":{"rendered":"","protected":false},"author":1,"featured_media":0,"parent":0,"menu_order":0,"comment_status":"closed","ping_status":"closed","template":"","meta":{"footnotes":""},"class_list":["post-23","page","type-page","status-publish","hentry"],"yoast_head":"<!-- This site is optimized with the Yoast SEO plugin v24.9 - https:\/\/yoast.com\/wordpress\/plugins\/seo\/ -->\n<title>Contact - SERRURIER GENEVE DEPANNAGE - Depannage Serrurerie Geneve Rapide - SOS Serrures ou cl\u00e9s cass\u00e9es Ouverture de porte Gen\u00e8ve 24h\/24<\/title>\n<meta name=\"robots\" content=\"index, follow, max-snippet:-1, max-image-preview:large, max-video-preview:-1\" \/>\n<link rel=\"canonical\" href=\"https:\/\/www.serrurierspeed.ch\/web\/contacter-un-serrurier\/\" \/>\n<meta property=\"og:locale\" content=\"fr_FR\" \/>\n<meta property=\"og:type\" content=\"article\" \/>\n<meta property=\"og:title\" content=\"Contact - SERRURIER GENEVE DEPANNAGE - Depannage Serrurerie Geneve Rapide - SOS Serrures ou cl\u00e9s cass\u00e9es Ouverture de porte Gen\u00e8ve 24h\/24\" \/>\n<meta property=\"og:url\" content=\"https:\/\/www.serrurierspeed.ch\/web\/contacter-un-serrurier\/\" \/>\n<meta property=\"og:site_name\" content=\"SERRURIER GENEVE DEPANNAGE - Depannage Serrurerie Geneve Rapide - SOS Serrures ou cl\u00e9s cass\u00e9es Ouverture de porte Gen\u00e8ve 24h\/24\" \/>\n<meta property=\"article:publisher\" content=\"https:\/\/www.facebook.com\/serrurierspeed\" \/>\n<meta property=\"article:modified_time\" content=\"2025-03-20T12:51:30+00:00\" \/>\n<meta name=\"twitter:card\" content=\"summary_large_image\" \/>\n<meta name=\"twitter:label1\" content=\"Dur\u00e9e de lecture estim\u00e9e\" \/>\n\t<meta name=\"twitter:data1\" content=\"1 minute\" \/>\n<script type=\"application\/ld+json\" class=\"yoast-schema-graph\">{\"@context\":\"https:\/\/schema.org\",\"@graph\":[{\"@type\":\"WebPage\",\"@id\":\"https:\/\/www.serrurierspeed.ch\/web\/contacter-un-serrurier\/\",\"url\":\"https:\/\/www.serrurierspeed.ch\/web\/contacter-un-serrurier\/\",\"name\":\"Contact - SERRURIER GENEVE DEPANNAGE - Depannage Serrurerie Geneve Rapide - SOS Serrures ou cl\u00e9s cass\u00e9es Ouverture de porte Gen\u00e8ve 24h\/24\",\"isPartOf\":{\"@id\":\"https:\/\/www.serrurierspeed.ch\/web\/#website\"},\"datePublished\":\"2015-10-15T14:32:40+00:00\",\"dateModified\":\"2025-03-20T12:51:30+00:00\",\"breadcrumb\":{\"@id\":\"https:\/\/www.serrurierspeed.ch\/web\/contacter-un-serrurier\/#breadcrumb\"},\"inLanguage\":\"fr-FR\",\"potentialAction\":[{\"@type\":\"ReadAction\",\"target\":[\"https:\/\/www.serrurierspeed.ch\/web\/contacter-un-serrurier\/\"]}]},{\"@type\":\"BreadcrumbList\",\"@id\":\"https:\/\/www.serrurierspeed.ch\/web\/contacter-un-serrurier\/#breadcrumb\",\"itemListElement\":[{\"@type\":\"ListItem\",\"position\":1,\"name\":\"Accueil\",\"item\":\"https:\/\/www.serrurierspeed.ch\/web\/\"},{\"@type\":\"ListItem\",\"position\":2,\"name\":\"Contact\"}]},{\"@type\":\"WebSite\",\"@id\":\"https:\/\/www.serrurierspeed.ch\/web\/#website\",\"url\":\"https:\/\/www.serrurierspeed.ch\/web\/\",\"name\":\"SERRURIER GENEVE DEPANNAGE - Depannage Serrurerie Geneve Rapide - SOS Serrures ou cl\u00e9s cass\u00e9es Ouverture de porte Gen\u00e8ve 24h\/24\",\"description\":\"SERRURIER SPEED Depannage Geneve pas chers\",\"publisher\":{\"@id\":\"https:\/\/www.serrurierspeed.ch\/web\/#organization\"},\"potentialAction\":[{\"@type\":\"SearchAction\",\"target\":{\"@type\":\"EntryPoint\",\"urlTemplate\":\"https:\/\/www.serrurierspeed.ch\/web\/?s={search_term_string}\"},\"query-input\":{\"@type\":\"PropertyValueSpecification\",\"valueRequired\":true,\"valueName\":\"search_term_string\"}}],\"inLanguage\":\"fr-FR\"},{\"@type\":\"Organization\",\"@id\":\"https:\/\/www.serrurierspeed.ch\/web\/#organization\",\"name\":\"SERRURIER SPEED GENEVE DEPANNAGE - Depannage Serrurerie Geneve Rapide - SOS Serrures ou cl\u00e9s Cass\u00e9e Ouverture de porte Gen\u00e8ve 24h\/24\",\"url\":\"https:\/\/www.serrurierspeed.ch\/web\/\",\"logo\":{\"@type\":\"ImageObject\",\"inLanguage\":\"fr-FR\",\"@id\":\"https:\/\/www.serrurierspeed.ch\/web\/#\/schema\/logo\/image\/\",\"url\":\"https:\/\/www.serrurierspeed.ch\/web\/wp-content\/uploads\/2024\/04\/Capture-decran-2024-04-26-a-16.51.41.png\",\"contentUrl\":\"https:\/\/www.serrurierspeed.ch\/web\/wp-content\/uploads\/2024\/04\/Capture-decran-2024-04-26-a-16.51.41.png\",\"width\":614,\"height\":176,\"caption\":\"SERRURIER SPEED GENEVE DEPANNAGE - Depannage Serrurerie Geneve Rapide - SOS Serrures ou cl\u00e9s Cass\u00e9e Ouverture de porte Gen\u00e8ve 24h\/24\"},\"image\":{\"@id\":\"https:\/\/www.serrurierspeed.ch\/web\/#\/schema\/logo\/image\/\"},\"sameAs\":[\"https:\/\/www.facebook.com\/serrurierspeed\"]}]}<\/script>\n<!-- \/ Yoast SEO plugin. -->","yoast_head_json":{"title":"Contact - SERRURIER GENEVE DEPANNAGE - Depannage Serrurerie Geneve Rapide - SOS Serrures ou cl\u00e9s cass\u00e9es Ouverture de porte Gen\u00e8ve 24h\/24","robots":{"index":"index","follow":"follow","max-snippet":"max-snippet:-1","max-image-preview":"max-image-preview:large","max-video-preview":"max-video-preview:-1"},"canonical":"https:\/\/www.serrurierspeed.ch\/web\/contacter-un-serrurier\/","og_locale":"fr_FR","og_type":"article","og_title":"Contact - SERRURIER GENEVE DEPANNAGE - Depannage Serrurerie Geneve Rapide - SOS Serrures ou cl\u00e9s cass\u00e9es Ouverture de porte Gen\u00e8ve 24h\/24","og_url":"https:\/\/www.serrurierspeed.ch\/web\/contacter-un-serrurier\/","og_site_name":"SERRURIER GENEVE DEPANNAGE - Depannage Serrurerie Geneve Rapide - SOS Serrures ou cl\u00e9s cass\u00e9es Ouverture de porte Gen\u00e8ve 24h\/24","article_publisher":"https:\/\/www.facebook.com\/serrurierspeed","article_modified_time":"2025-03-20T12:51:30+00:00","twitter_card":"summary_large_image","twitter_misc":{"Dur\u00e9e de lecture estim\u00e9e":"1 minute"},"schema":{"@context":"https:\/\/schema.org","@graph":[{"@type":"WebPage","@id":"https:\/\/www.serrurierspeed.ch\/web\/contacter-un-serrurier\/","url":"https:\/\/www.serrurierspeed.ch\/web\/contacter-un-serrurier\/","name":"Contact - SERRURIER GENEVE DEPANNAGE - Depannage Serrurerie Geneve Rapide - SOS Serrures ou cl\u00e9s cass\u00e9es Ouverture de porte Gen\u00e8ve 24h\/24","isPartOf":{"@id":"https:\/\/www.serrurierspeed.ch\/web\/#website"},"datePublished":"2015-10-15T14:32:40+00:00","dateModified":"2025-03-20T12:51:30+00:00","breadcrumb":{"@id":"https:\/\/www.serrurierspeed.ch\/web\/contacter-un-serrurier\/#breadcrumb"},"inLanguage":"fr-FR","potentialAction":[{"@type":"ReadAction","target":["https:\/\/www.serrurierspeed.ch\/web\/contacter-un-serrurier\/"]}]},{"@type":"BreadcrumbList","@id":"https:\/\/www.serrurierspeed.ch\/web\/contacter-un-serrurier\/#breadcrumb","itemListElement":[{"@type":"ListItem","position":1,"name":"Accueil","item":"https:\/\/www.serrurierspeed.ch\/web\/"},{"@type":"ListItem","position":2,"name":"Contact"}]},{"@type":"WebSite","@id":"https:\/\/www.serrurierspeed.ch\/web\/#website","url":"https:\/\/www.serrurierspeed.ch\/web\/","name":"SERRURIER GENEVE DEPANNAGE - Depannage Serrurerie Geneve Rapide - SOS Serrures ou cl\u00e9s cass\u00e9es Ouverture de porte Gen\u00e8ve 24h\/24","description":"SERRURIER SPEED Depannage Geneve pas chers","publisher":{"@id":"https:\/\/www.serrurierspeed.ch\/web\/#organization"},"potentialAction":[{"@type":"SearchAction","target":{"@type":"EntryPoint","urlTemplate":"https:\/\/www.serrurierspeed.ch\/web\/?s={search_term_string}"},"query-input":{"@type":"PropertyValueSpecification","valueRequired":true,"valueName":"search_term_string"}}],"inLanguage":"fr-FR"},{"@type":"Organization","@id":"https:\/\/www.serrurierspeed.ch\/web\/#organization","name":"SERRURIER SPEED GENEVE DEPANNAGE - Depannage Serrurerie Geneve Rapide - SOS Serrures ou cl\u00e9s Cass\u00e9e Ouverture de porte Gen\u00e8ve 24h\/24","url":"https:\/\/www.serrurierspeed.ch\/web\/","logo":{"@type":"ImageObject","inLanguage":"fr-FR","@id":"https:\/\/www.serrurierspeed.ch\/web\/#\/schema\/logo\/image\/","url":"https:\/\/www.serrurierspeed.ch\/web\/wp-content\/uploads\/2024\/04\/Capture-decran-2024-04-26-a-16.51.41.png","contentUrl":"https:\/\/www.serrurierspeed.ch\/web\/wp-content\/uploads\/2024\/04\/Capture-decran-2024-04-26-a-16.51.41.png","width":614,"height":176,"caption":"SERRURIER SPEED GENEVE DEPANNAGE - Depannage Serrurerie Geneve Rapide - SOS Serrures ou cl\u00e9s Cass\u00e9e Ouverture de porte Gen\u00e8ve 24h\/24"},"image":{"@id":"https:\/\/www.serrurierspeed.ch\/web\/#\/schema\/logo\/image\/"},"sameAs":["https:\/\/www.facebook.com\/serrurierspeed"]}]}},"_links":{"self":[{"href":"https:\/\/www.serrurierspeed.ch\/web\/wp-json\/wp\/v2\/pages\/23","targetHints":{"allow":["GET"]}}],"collection":[{"href":"https:\/\/www.serrurierspeed.ch\/web\/wp-json\/wp\/v2\/pages"}],"about":[{"href":"https:\/\/www.serrurierspeed.ch\/web\/wp-json\/wp\/v2\/types\/page"}],"author":[{"embeddable":true,"href":"https:\/\/www.serrurierspeed.ch\/web\/wp-json\/wp\/v2\/users\/1"}],"replies":[{"embeddable":true,"href":"https:\/\/www.serrurierspeed.ch\/web\/wp-json\/wp\/v2\/comments?post=23"}],"version-history":[{"count":10,"href":"https:\/\/www.serrurierspeed.ch\/web\/wp-json\/wp\/v2\/pages\/23\/revisions"}],"predecessor-version":[{"id":591,"href":"https:\/\/www.serrurierspeed.ch\/web\/wp-json\/wp\/v2\/pages\/23\/revisions\/591"}],"wp:attachment":[{"href":"https:\/\/www.serrurierspeed.ch\/web\/wp-json\/wp\/v2\/media?parent=23"}],"curies":[{"name":"wp","href":"https:\/\/api.w.org\/{rel}","templated":true}]}}