{"id":2,"date":"2015-11-29T22:16:17","date_gmt":"2015-11-29T21:16:17","guid":{"rendered":"http:\/\/www.serrurierspeed.ch\/web\/?page_id=2"},"modified":"2024-12-05T17:35:14","modified_gmt":"2024-12-05T16:35:14","slug":"serrurier-a-geneve","status":"publish","type":"page","link":"https:\/\/www.serrurierspeed.ch\/web\/serrurier-a-geneve\/","title":{"rendered":"Ouverture de porte"},"content":{"rendered":"<h2 class=\"text-color\">Intervention rapide, prestation de qualit\u00e9 et transparence des prix<\/h2>\n<p class=\"text-muted\">Faites appel \u00e0 un serrurier r\u00e9actif pour une ouverture de porte, un changement de serrure ou une installation de porte blind\u00e9e.<\/p>\n<p class=\"text-muted\"><strong>URGENCE : 078 311 44 44<\/strong><\/p>\n\n\n<p><\/p>\n","protected":false},"excerpt":{"rendered":"<p>Intervention rapide, prestation de qualit\u00e9 et transparence des prix Faites appel \u00e0 un serrurier r\u00e9actif pour une ouverture de porte, un changement de serrure ou une installation de porte blind\u00e9e. URGENCE : 078 311 44 44<\/p>\n","protected":false},"author":1,"featured_media":0,"parent":0,"menu_order":0,"comment_status":"closed","ping_status":"open","template":"","meta":{"footnotes":""},"class_list":["post-2","page","type-page","status-publish","hentry"],"yoast_head":"<!-- This site is optimized with the Yoast SEO plugin v24.9 - https:\/\/yoast.com\/wordpress\/plugins\/seo\/ -->\n<title>Ouverture de porte - SERRURIER GENEVE DEPANNAGE - Depannage Serrurerie Geneve Rapide - SOS Serrures ou cl\u00e9s cass\u00e9es Ouverture de porte Gen\u00e8ve 24h\/24<\/title>\n<meta name=\"robots\" content=\"index, follow, max-snippet:-1, max-image-preview:large, max-video-preview:-1\" \/>\n<link rel=\"canonical\" href=\"https:\/\/www.serrurierspeed.ch\/web\/serrurier-a-geneve\/\" \/>\n<meta property=\"og:locale\" content=\"fr_FR\" \/>\n<meta property=\"og:type\" content=\"article\" \/>\n<meta property=\"og:title\" content=\"Ouverture de porte - SERRURIER GENEVE DEPANNAGE - Depannage Serrurerie Geneve Rapide - SOS Serrures ou cl\u00e9s cass\u00e9es Ouverture de porte Gen\u00e8ve 24h\/24\" \/>\n<meta property=\"og:description\" content=\"Intervention rapide, prestation de qualit\u00e9 et transparence des prix Faites appel \u00e0 un serrurier r\u00e9actif pour une ouverture de porte, un changement de serrure ou une installation de porte blind\u00e9e. URGENCE : 078 311 44 44\" \/>\n<meta property=\"og:url\" content=\"https:\/\/www.serrurierspeed.ch\/web\/serrurier-a-geneve\/\" \/>\n<meta property=\"og:site_name\" content=\"SERRURIER GENEVE DEPANNAGE - Depannage Serrurerie Geneve Rapide - SOS Serrures ou cl\u00e9s cass\u00e9es Ouverture de porte Gen\u00e8ve 24h\/24\" \/>\n<meta property=\"article:publisher\" content=\"https:\/\/www.facebook.com\/serrurierspeed\" \/>\n<meta property=\"article:modified_time\" content=\"2024-12-05T16:35:14+00:00\" \/>\n<meta name=\"twitter:card\" content=\"summary_large_image\" \/>\n<meta name=\"twitter:label1\" content=\"Dur\u00e9e de lecture estim\u00e9e\" \/>\n\t<meta name=\"twitter:data1\" content=\"1 minute\" \/>\n<script type=\"application\/ld+json\" class=\"yoast-schema-graph\">{\"@context\":\"https:\/\/schema.org\",\"@graph\":[{\"@type\":\"WebPage\",\"@id\":\"https:\/\/www.serrurierspeed.ch\/web\/serrurier-a-geneve\/\",\"url\":\"https:\/\/www.serrurierspeed.ch\/web\/serrurier-a-geneve\/\",\"name\":\"Ouverture de porte - SERRURIER GENEVE DEPANNAGE - Depannage Serrurerie Geneve Rapide - SOS Serrures ou cl\u00e9s cass\u00e9es Ouverture de porte Gen\u00e8ve 24h\/24\",\"isPartOf\":{\"@id\":\"https:\/\/www.serrurierspeed.ch\/web\/#website\"},\"datePublished\":\"2015-11-29T21:16:17+00:00\",\"dateModified\":\"2024-12-05T16:35:14+00:00\",\"breadcrumb\":{\"@id\":\"https:\/\/www.serrurierspeed.ch\/web\/serrurier-a-geneve\/#breadcrumb\"},\"inLanguage\":\"fr-FR\",\"potentialAction\":[{\"@type\":\"ReadAction\",\"target\":[\"https:\/\/www.serrurierspeed.ch\/web\/serrurier-a-geneve\/\"]}]},{\"@type\":\"BreadcrumbList\",\"@id\":\"https:\/\/www.serrurierspeed.ch\/web\/serrurier-a-geneve\/#breadcrumb\",\"itemListElement\":[{\"@type\":\"ListItem\",\"position\":1,\"name\":\"Accueil\",\"item\":\"https:\/\/www.serrurierspeed.ch\/web\/\"},{\"@type\":\"ListItem\",\"position\":2,\"name\":\"Ouverture de porte\"}]},{\"@type\":\"WebSite\",\"@id\":\"https:\/\/www.serrurierspeed.ch\/web\/#website\",\"url\":\"https:\/\/www.serrurierspeed.ch\/web\/\",\"name\":\"SERRURIER GENEVE DEPANNAGE - Depannage Serrurerie Geneve Rapide - SOS Serrures ou cl\u00e9s cass\u00e9es Ouverture de porte Gen\u00e8ve 24h\/24\",\"description\":\"SERRURIER SPEED Depannage Geneve pas chers\",\"publisher\":{\"@id\":\"https:\/\/www.serrurierspeed.ch\/web\/#organization\"},\"potentialAction\":[{\"@type\":\"SearchAction\",\"target\":{\"@type\":\"EntryPoint\",\"urlTemplate\":\"https:\/\/www.serrurierspeed.ch\/web\/?s={search_term_string}\"},\"query-input\":{\"@type\":\"PropertyValueSpecification\",\"valueRequired\":true,\"valueName\":\"search_term_string\"}}],\"inLanguage\":\"fr-FR\"},{\"@type\":\"Organization\",\"@id\":\"https:\/\/www.serrurierspeed.ch\/web\/#organization\",\"name\":\"SERRURIER SPEED GENEVE DEPANNAGE - Depannage Serrurerie Geneve Rapide - SOS Serrures ou cl\u00e9s Cass\u00e9e Ouverture de porte Gen\u00e8ve 24h\/24\",\"url\":\"https:\/\/www.serrurierspeed.ch\/web\/\",\"logo\":{\"@type\":\"ImageObject\",\"inLanguage\":\"fr-FR\",\"@id\":\"https:\/\/www.serrurierspeed.ch\/web\/#\/schema\/logo\/image\/\",\"url\":\"https:\/\/www.serrurierspeed.ch\/web\/wp-content\/uploads\/2024\/04\/Capture-decran-2024-04-26-a-16.51.41.png\",\"contentUrl\":\"https:\/\/www.serrurierspeed.ch\/web\/wp-content\/uploads\/2024\/04\/Capture-decran-2024-04-26-a-16.51.41.png\",\"width\":614,\"height\":176,\"caption\":\"SERRURIER SPEED GENEVE DEPANNAGE - Depannage Serrurerie Geneve Rapide - SOS Serrures ou cl\u00e9s Cass\u00e9e Ouverture de porte Gen\u00e8ve 24h\/24\"},\"image\":{\"@id\":\"https:\/\/www.serrurierspeed.ch\/web\/#\/schema\/logo\/image\/\"},\"sameAs\":[\"https:\/\/www.facebook.com\/serrurierspeed\"]}]}<\/script>\n<!-- \/ Yoast SEO plugin. -->","yoast_head_json":{"title":"Ouverture de porte - SERRURIER GENEVE DEPANNAGE - Depannage Serrurerie Geneve Rapide - SOS Serrures ou cl\u00e9s cass\u00e9es Ouverture de porte Gen\u00e8ve 24h\/24","robots":{"index":"index","follow":"follow","max-snippet":"max-snippet:-1","max-image-preview":"max-image-preview:large","max-video-preview":"max-video-preview:-1"},"canonical":"https:\/\/www.serrurierspeed.ch\/web\/serrurier-a-geneve\/","og_locale":"fr_FR","og_type":"article","og_title":"Ouverture de porte - SERRURIER GENEVE DEPANNAGE - Depannage Serrurerie Geneve Rapide - SOS Serrures ou cl\u00e9s cass\u00e9es Ouverture de porte Gen\u00e8ve 24h\/24","og_description":"Intervention rapide, prestation de qualit\u00e9 et transparence des prix Faites appel \u00e0 un serrurier r\u00e9actif pour une ouverture de porte, un changement de serrure ou une installation de porte blind\u00e9e. URGENCE : 078 311 44 44","og_url":"https:\/\/www.serrurierspeed.ch\/web\/serrurier-a-geneve\/","og_site_name":"SERRURIER GENEVE DEPANNAGE - Depannage Serrurerie Geneve Rapide - SOS Serrures ou cl\u00e9s cass\u00e9es Ouverture de porte Gen\u00e8ve 24h\/24","article_publisher":"https:\/\/www.facebook.com\/serrurierspeed","article_modified_time":"2024-12-05T16:35:14+00:00","twitter_card":"summary_large_image","twitter_misc":{"Dur\u00e9e de lecture estim\u00e9e":"1 minute"},"schema":{"@context":"https:\/\/schema.org","@graph":[{"@type":"WebPage","@id":"https:\/\/www.serrurierspeed.ch\/web\/serrurier-a-geneve\/","url":"https:\/\/www.serrurierspeed.ch\/web\/serrurier-a-geneve\/","name":"Ouverture de porte - SERRURIER GENEVE DEPANNAGE - Depannage Serrurerie Geneve Rapide - SOS Serrures ou cl\u00e9s cass\u00e9es Ouverture de porte Gen\u00e8ve 24h\/24","isPartOf":{"@id":"https:\/\/www.serrurierspeed.ch\/web\/#website"},"datePublished":"2015-11-29T21:16:17+00:00","dateModified":"2024-12-05T16:35:14+00:00","breadcrumb":{"@id":"https:\/\/www.serrurierspeed.ch\/web\/serrurier-a-geneve\/#breadcrumb"},"inLanguage":"fr-FR","potentialAction":[{"@type":"ReadAction","target":["https:\/\/www.serrurierspeed.ch\/web\/serrurier-a-geneve\/"]}]},{"@type":"BreadcrumbList","@id":"https:\/\/www.serrurierspeed.ch\/web\/serrurier-a-geneve\/#breadcrumb","itemListElement":[{"@type":"ListItem","position":1,"name":"Accueil","item":"https:\/\/www.serrurierspeed.ch\/web\/"},{"@type":"ListItem","position":2,"name":"Ouverture de porte"}]},{"@type":"WebSite","@id":"https:\/\/www.serrurierspeed.ch\/web\/#website","url":"https:\/\/www.serrurierspeed.ch\/web\/","name":"SERRURIER GENEVE DEPANNAGE - Depannage Serrurerie Geneve Rapide - SOS Serrures ou cl\u00e9s cass\u00e9es Ouverture de porte Gen\u00e8ve 24h\/24","description":"SERRURIER SPEED Depannage Geneve pas chers","publisher":{"@id":"https:\/\/www.serrurierspeed.ch\/web\/#organization"},"potentialAction":[{"@type":"SearchAction","target":{"@type":"EntryPoint","urlTemplate":"https:\/\/www.serrurierspeed.ch\/web\/?s={search_term_string}"},"query-input":{"@type":"PropertyValueSpecification","valueRequired":true,"valueName":"search_term_string"}}],"inLanguage":"fr-FR"},{"@type":"Organization","@id":"https:\/\/www.serrurierspeed.ch\/web\/#organization","name":"SERRURIER SPEED GENEVE DEPANNAGE - Depannage Serrurerie Geneve Rapide - SOS Serrures ou cl\u00e9s Cass\u00e9e Ouverture de porte Gen\u00e8ve 24h\/24","url":"https:\/\/www.serrurierspeed.ch\/web\/","logo":{"@type":"ImageObject","inLanguage":"fr-FR","@id":"https:\/\/www.serrurierspeed.ch\/web\/#\/schema\/logo\/image\/","url":"https:\/\/www.serrurierspeed.ch\/web\/wp-content\/uploads\/2024\/04\/Capture-decran-2024-04-26-a-16.51.41.png","contentUrl":"https:\/\/www.serrurierspeed.ch\/web\/wp-content\/uploads\/2024\/04\/Capture-decran-2024-04-26-a-16.51.41.png","width":614,"height":176,"caption":"SERRURIER SPEED GENEVE DEPANNAGE - Depannage Serrurerie Geneve Rapide - SOS Serrures ou cl\u00e9s Cass\u00e9e Ouverture de porte Gen\u00e8ve 24h\/24"},"image":{"@id":"https:\/\/www.serrurierspeed.ch\/web\/#\/schema\/logo\/image\/"},"sameAs":["https:\/\/www.facebook.com\/serrurierspeed"]}]}},"_links":{"self":[{"href":"https:\/\/www.serrurierspeed.ch\/web\/wp-json\/wp\/v2\/pages\/2","targetHints":{"allow":["GET"]}}],"collection":[{"href":"https:\/\/www.serrurierspeed.ch\/web\/wp-json\/wp\/v2\/pages"}],"about":[{"href":"https:\/\/www.serrurierspeed.ch\/web\/wp-json\/wp\/v2\/types\/page"}],"author":[{"embeddable":true,"href":"https:\/\/www.serrurierspeed.ch\/web\/wp-json\/wp\/v2\/users\/1"}],"replies":[{"embeddable":true,"href":"https:\/\/www.serrurierspeed.ch\/web\/wp-json\/wp\/v2\/comments?post=2"}],"version-history":[{"count":4,"href":"https:\/\/www.serrurierspeed.ch\/web\/wp-json\/wp\/v2\/pages\/2\/revisions"}],"predecessor-version":[{"id":576,"href":"https:\/\/www.serrurierspeed.ch\/web\/wp-json\/wp\/v2\/pages\/2\/revisions\/576"}],"wp:attachment":[{"href":"https:\/\/www.serrurierspeed.ch\/web\/wp-json\/wp\/v2\/media?parent=2"}],"curies":[{"name":"wp","href":"https:\/\/api.w.org\/{rel}","templated":true}]}}