{"id":138,"date":"2015-10-22T15:31:54","date_gmt":"2015-10-22T14:31:54","guid":{"rendered":"http:\/\/test.kriesi.at\/construction\/?page_id=138"},"modified":"2016-04-19T02:46:12","modified_gmt":"2016-04-19T01:46:12","slug":"porte_blindee","status":"publish","type":"page","link":"https:\/\/www.serrurierspeed.ch\/web\/serrurier-urgences\/porte_blindee\/","title":{"rendered":"Porte blind\u00e9e"},"content":{"rendered":"<div  class='avia-slideshow av-av_slideshow-8fced049ccd559e945bdbf8d97b891d0 avia-slideshow-featured_large av_slideshow avia-fade-slider  avia-builder-el-0  el_before_av_one_full  avia-builder-el-first  av-slideshow-ui av-control-hidden av-no-slider-navigation av-hide-nav-arrows av-slideshow-autoplay av-loop-endless av-loop-manual-endless av-default-height-applied avia-slideshow-1' data-slideshow-options=\"{&quot;animation&quot;:&quot;fade&quot;,&quot;autoplay&quot;:true,&quot;loop_autoplay&quot;:&quot;endless&quot;,&quot;interval&quot;:5,&quot;loop_manual&quot;:&quot;manual-endless&quot;,&quot;autoplay_stopper&quot;:false,&quot;noNavigation&quot;:true,&quot;bg_slider&quot;:false,&quot;keep_padding&quot;:false,&quot;hoverpause&quot;:false,&quot;show_slide_delay&quot;:0}\"  itemprop=\"image\" itemscope=\"itemscope\" itemtype=\"https:\/\/schema.org\/ImageObject\" ><ul class='avia-slideshow-inner ' style='padding-bottom: 42%;'><li  class='avia-slideshow-slide av-av_slideshow-8fced049ccd559e945bdbf8d97b891d0__0  slide-1 slide-odd'><div data-rel='slideshow-1' class='avia-slide-wrap '   ><img decoding=\"async\" class=\"wp-image-272 avia-img-lazy-loading-not-272\"  src=\"https:\/\/www.serrurierspeed.ch\/web\/wp-content\/uploads\/2015\/11\/Portes-blindees2-1500x630.jpg\" width=\"1500\" height=\"630\" title='Portes-blindees2' alt=''  itemprop=\"thumbnailUrl\"   \/><\/div><\/li><li  class='avia-slideshow-slide av-av_slideshow-8fced049ccd559e945bdbf8d97b891d0__1  slide-2 slide-even'><div data-rel='slideshow-1' class='avia-slide-wrap '   ><img decoding=\"async\" class=\"wp-image-271 avia-img-lazy-loading-not-271\"  src=\"https:\/\/www.serrurierspeed.ch\/web\/wp-content\/uploads\/2015\/11\/porte-blindee-picard-10-11-2-1462x630.png\" width=\"1462\" height=\"630\" title='porte-blindee-picard-10-11-2' alt=''  itemprop=\"thumbnailUrl\"   \/><\/div><\/li><li  class='avia-slideshow-slide av-av_slideshow-8fced049ccd559e945bdbf8d97b891d0__2  slide-3 slide-odd'><div data-rel='slideshow-1' class='avia-slide-wrap '   ><img decoding=\"async\" class=\"wp-image-275 avia-img-lazy-loading-not-275\"  src=\"https:\/\/www.serrurierspeed.ch\/web\/wp-content\/uploads\/2015\/11\/S\u00e9curit\u00e9-incendie-et-vol-prot\u00e9ger-sa-maison-1500x630.jpg\" width=\"1500\" height=\"630\" title='Einbrecher an einem Fenster' alt=''  itemprop=\"thumbnailUrl\"   \/><\/div><\/li><\/ul><div class='avia-slideshow-arrows avia-slideshow-controls' ><a href='#prev' class='prev-slide ' aria-hidden='true' data-av_icon='\ue87c' data-av_iconfont='entypo-fontello'  tabindex='-1'>Pr\u00e9c\u00e9dent<\/a><a href='#next' class='next-slide ' aria-hidden='true' data-av_icon='\ue87d' data-av_iconfont='entypo-fontello'  tabindex='-1'>Suivant<\/a><\/div><\/div>\n\n<style type=\"text\/css\" data-created_by=\"avia_inline_auto\" id=\"style-css-av-av_one_full-92ff25b687564606f9a40db418f3e7b5\">\n#top .flex_column.av-av_one_full-92ff25b687564606f9a40db418f3e7b5{\nmargin-top:0px;\nmargin-bottom:-50px;\n}\n.flex_column.av-av_one_full-92ff25b687564606f9a40db418f3e7b5{\n-webkit-border-radius:0px 0px 0px 0px;\n-moz-border-radius:0px 0px 0px 0px;\nborder-radius:0px 0px 0px 0px;\npadding:0px 0px 0px 0px;\n}\n.responsive #top #wrap_all .flex_column.av-av_one_full-92ff25b687564606f9a40db418f3e7b5{\nmargin-top:0px;\nmargin-bottom:-50px;\n}\n<\/style>\n<div  class='flex_column av-av_one_full-92ff25b687564606f9a40db418f3e7b5 av_one_full  avia-builder-el-1  el_after_av_slideshow  el_before_av_one_half  first flex_column_div av-animated-generic bottom-to-top av-zero-column-padding  '     ><p>\n<style type=\"text\/css\" data-created_by=\"avia_inline_auto\" id=\"style-css-av-av_heading-7c4e048e6b22cdb6b47484d8a9e2c48f\">\n#top .av-special-heading.av-av_heading-7c4e048e6b22cdb6b47484d8a9e2c48f{\npadding-bottom:0;\n}\nbody .av-special-heading.av-av_heading-7c4e048e6b22cdb6b47484d8a9e2c48f .av-special-heading-tag .heading-char{\nfont-size:25px;\n}\n.av-special-heading.av-av_heading-7c4e048e6b22cdb6b47484d8a9e2c48f .av-subheading{\nfont-size:15px;\n}\n<\/style>\n<div  class='av-special-heading av-av_heading-7c4e048e6b22cdb6b47484d8a9e2c48f av-special-heading-h2 blockquote modern-quote  avia-builder-el-2  el_before_av_hr  avia-builder-el-first '><h2 class='av-special-heading-tag'  itemprop=\"headline\"  >Porte Blind\u00e9e<\/h2><div class=\"special-heading-border\"><div class=\"special-heading-inner-border\"><\/div><\/div><\/div><br \/>\n\n<style type=\"text\/css\" data-created_by=\"avia_inline_auto\" id=\"style-css-av-av_hr-3e128d09911abf776949821b39a02bfe\">\n#top .hr.av-av_hr-3e128d09911abf776949821b39a02bfe{\nmargin-top:10px;\nmargin-bottom:10px;\n}\n.hr.av-av_hr-3e128d09911abf776949821b39a02bfe .hr-inner{\nwidth:50px;\nborder-color:#efbb20;\n}\n<\/style>\n<div  class='hr av-av_hr-3e128d09911abf776949821b39a02bfe hr-custom  avia-builder-el-3  el_after_av_heading  avia-builder-el-last  hr-left hr-icon-no'><span class='hr-inner inner-border-av-border-fat'><span class=\"hr-inner-style\"><\/span><\/span><\/div><\/p><\/div>\n\n<style type=\"text\/css\" data-created_by=\"avia_inline_auto\" id=\"style-css-av-av_one_half-d71a51a707c4656b37c9afbbd6138215\">\n.flex_column.av-av_one_half-d71a51a707c4656b37c9afbbd6138215{\n-webkit-border-radius:0px 0px 0px 0px;\n-moz-border-radius:0px 0px 0px 0px;\nborder-radius:0px 0px 0px 0px;\npadding:0px 0px 0px 0px;\n}\n<\/style>\n<div  class='flex_column av-av_one_half-d71a51a707c4656b37c9afbbd6138215 av_one_half  avia-builder-el-4  el_after_av_one_full  el_before_av_one_half  first flex_column_div av-animated-generic bottom-to-top av-zero-column-padding  column-top-margin'     ><section  class='av_textblock_section av-av_textblock-0366cc7376be6c9e82a3e9cc8987b64f '   itemscope=\"itemscope\" itemtype=\"https:\/\/schema.org\/CreativeWork\" ><div class='avia_textblock'  itemprop=\"text\" ><p>Le mythe d\u2019une Suisse havre de s\u00e9curit\u00e9 est en train de s\u2019effondrer. Le pays est devenu le champion europ\u00e9en pour le nombre de cambriolages au prorata de sa population, selon Schweiz am Sonntag qui cite les statistiques de l\u2019Union europ\u00e9enne. Toutes les huit minutes, une maison ou un appartement y est d\u00e9valis\u00e9. Les 73\u2009714 cambriolages d\u2019appartements et de maisons familiales signal\u00e9s l\u2019ann\u00e9e derni\u00e8re, soit 16% de plus qu\u2019en 2011, signifient qu\u2019il y en a eu 932 pour chaque tranche de 100\u2009000 habitants.<\/p>\n<\/div><\/section><\/div>\n<style type=\"text\/css\" data-created_by=\"avia_inline_auto\" id=\"style-css-av-av_one_half-93bea18e2ccb60552a17080633244dec\">\n.flex_column.av-av_one_half-93bea18e2ccb60552a17080633244dec{\n-webkit-border-radius:0px 0px 0px 0px;\n-moz-border-radius:0px 0px 0px 0px;\nborder-radius:0px 0px 0px 0px;\npadding:0px 0px 0px 0px;\n}\n<\/style>\n<div  class='flex_column av-av_one_half-93bea18e2ccb60552a17080633244dec av_one_half  avia-builder-el-6  el_after_av_one_half  el_before_av_one_half  flex_column_div av-animated-generic bottom-to-top av-zero-column-padding  column-top-margin'     ><section  class='av_textblock_section av-av_textblock-0366cc7376be6c9e82a3e9cc8987b64f '   itemscope=\"itemscope\" itemtype=\"https:\/\/schema.org\/CreativeWork\" ><div class='avia_textblock'  itemprop=\"text\" ><h3>Qu&rsquo;est-ce qu&rsquo;une porte blind\u00e9e ?<\/h3>\n<p>On peut s&rsquo;imaginer qu&rsquo;une porte blind\u00e9e ne se trouve que dans les salles de coffres-forts ou au sein des banques. Pourtant, on en trouve dans beaucoup d&rsquo;autres endroits. Globalement, partout o\u00f9 il est n\u00e9cessaire de renforcer la s\u00e9curit\u00e9 et emp\u00eacher les intrus d&rsquo;acc\u00e9der. Concr\u00e8tement, le principal \u00e9l\u00e9ment qui constitue une porte renforc\u00e9e est l&rsquo;acier.<\/p>\n<p>Les propri\u00e9t\u00e9s de cette mati\u00e8re sont tr\u00e8s importantes : l&rsquo;acier est pratiquement indestructible, et il renforce la structure de fa\u00e7on exponentielle. En installant une porte blind\u00e9e chez soi, on s&rsquo;offre \u00e9galement une \u00e9conomie pr\u00e9cieuse sur un abonnement pour le syst\u00e8me d&rsquo;alarme, par exemple.<\/p>\n<\/div><\/section><\/div>\n<style type=\"text\/css\" data-created_by=\"avia_inline_auto\" id=\"style-css-av-av_one_half-d71a51a707c4656b37c9afbbd6138215\">\n.flex_column.av-av_one_half-d71a51a707c4656b37c9afbbd6138215{\n-webkit-border-radius:0px 0px 0px 0px;\n-moz-border-radius:0px 0px 0px 0px;\nborder-radius:0px 0px 0px 0px;\npadding:0px 0px 0px 0px;\n}\n<\/style>\n<div  class='flex_column av-av_one_half-d71a51a707c4656b37c9afbbd6138215 av_one_half  avia-builder-el-8  el_after_av_one_half  el_before_av_one_half  first flex_column_div av-animated-generic bottom-to-top av-zero-column-padding  column-top-margin'     ><p>\n<style type=\"text\/css\" data-created_by=\"avia_inline_auto\" id=\"style-css-av-av_heading-177f1f38a0e75314984896314212328a\">\n#top .av-special-heading.av-av_heading-177f1f38a0e75314984896314212328a{\npadding-bottom:0;\n}\nbody .av-special-heading.av-av_heading-177f1f38a0e75314984896314212328a .av-special-heading-tag .heading-char{\nfont-size:25px;\n}\n.av-special-heading.av-av_heading-177f1f38a0e75314984896314212328a .av-subheading{\nfont-size:15px;\n}\n<\/style>\n<div  class='av-special-heading av-av_heading-177f1f38a0e75314984896314212328a av-special-heading-h2 blockquote modern-quote  avia-builder-el-9  el_before_av_hr  avia-builder-el-first '><h2 class='av-special-heading-tag'  itemprop=\"headline\"  >Votre atout<\/h2><div class=\"special-heading-border\"><div class=\"special-heading-inner-border\"><\/div><\/div><\/div><br \/>\n\n<style type=\"text\/css\" data-created_by=\"avia_inline_auto\" id=\"style-css-av-av_hr-3e128d09911abf776949821b39a02bfe\">\n#top .hr.av-av_hr-3e128d09911abf776949821b39a02bfe{\nmargin-top:10px;\nmargin-bottom:10px;\n}\n.hr.av-av_hr-3e128d09911abf776949821b39a02bfe .hr-inner{\nwidth:50px;\nborder-color:#efbb20;\n}\n<\/style>\n<div  class='hr av-av_hr-3e128d09911abf776949821b39a02bfe hr-custom  avia-builder-el-10  el_after_av_heading  el_before_av_textblock  hr-left hr-icon-no'><span class='hr-inner inner-border-av-border-fat'><span class=\"hr-inner-style\"><\/span><\/span><\/div><br \/>\n<section  class='av_textblock_section av-av_textblock-0366cc7376be6c9e82a3e9cc8987b64f '   itemscope=\"itemscope\" itemtype=\"https:\/\/schema.org\/CreativeWork\" ><div class='avia_textblock'  itemprop=\"text\" ><h3>S\u00e9curiser la barre de pivot<\/h3>\n<p>Pour un meilleur blindage, il faut renforcer toutes les parties composantes d&rsquo;une porte. Lors d&rsquo;un blindage, c&rsquo;est un poids d&rsquo;environ 20 kg qui vient s&rsquo;ajouter sur votre porte. De ce fait, il est fr\u00e9quent que les gonds d&rsquo;origine ne soient plus capable d&rsquo;assurer un bon pivotement de la porte \u00e0 cause de la surcharge.<\/p>\n<p>C&rsquo;est pour cela qui souvent, les serruriers vous proposent d&rsquo;enlever d&rsquo;installer une barre de pivotement en remplacement de vos anciennes paumelles ne supportant plus la charge. Cette barre est m\u00e9tallique et poss\u00e8de 4 paumelles de 140 mm \u00e0 bille. Gr\u00e2ce \u00e0 cela, la porte est li\u00e9e au mur par l&rsquo;interm\u00e9diaire de la barre de pivotement. Cette barre de pivot \u00e9tant un point faible, son blindage vous permettra en plus d&rsquo;un bon fonctionnement, d&rsquo;am\u00e9liorer consid\u00e9rablement sa r\u00e9sistante \u00e0 toute tentative d&rsquo;effraction si vous ne poss\u00e9dez pas d\u00e9j\u00e0 un syst\u00e8me anti-d\u00e9gondage.<\/p>\n<\/div><\/section><\/p><\/div>\n<style type=\"text\/css\" data-created_by=\"avia_inline_auto\" id=\"style-css-av-av_one_half-93bea18e2ccb60552a17080633244dec\">\n.flex_column.av-av_one_half-93bea18e2ccb60552a17080633244dec{\n-webkit-border-radius:0px 0px 0px 0px;\n-moz-border-radius:0px 0px 0px 0px;\nborder-radius:0px 0px 0px 0px;\npadding:0px 0px 0px 0px;\n}\n<\/style>\n<div  class='flex_column av-av_one_half-93bea18e2ccb60552a17080633244dec av_one_half  avia-builder-el-12  el_after_av_one_half  el_before_av_one_full  flex_column_div av-animated-generic bottom-to-top av-zero-column-padding  column-top-margin'     ><style type=\"text\/css\" data-created_by=\"avia_inline_auto\" id=\"style-css-av-av_image-5ed3cf1062a92c24f3d0703c6a5f6e3b\">\n.avia-image-container.av-av_image-5ed3cf1062a92c24f3d0703c6a5f6e3b img.avia_image{\nbox-shadow:none;\n}\n.avia-image-container.av-av_image-5ed3cf1062a92c24f3d0703c6a5f6e3b .av-image-caption-overlay-center{\ncolor:#ffffff;\n}\n<\/style>\n<div  class='avia-image-container av-av_image-5ed3cf1062a92c24f3d0703c6a5f6e3b av-styling-no-styling avia-align-center  avia-builder-el-13  avia-builder-el-no-sibling '   itemprop=\"image\" itemscope=\"itemscope\" itemtype=\"https:\/\/schema.org\/ImageObject\" ><div class=\"avia-image-container-inner\"><div class=\"avia-image-overlay-wrap\"><img decoding=\"async\" class='wp-image-273 avia-img-lazy-loading-not-273 avia_image ' src=\"https:\/\/www.serrurierspeed.ch\/web\/wp-content\/uploads\/2015\/11\/portes-blind\u00e9es-300x229.jpg\" alt='Ouverture de porte par un serrurier professionnel' title='Ouverture de porte par un serrurier professionnel'  height=\"229\" width=\"300\"  itemprop=\"thumbnailUrl\" srcset=\"https:\/\/www.serrurierspeed.ch\/web\/wp-content\/uploads\/2015\/11\/portes-blind\u00e9es-300x229.jpg 300w, https:\/\/www.serrurierspeed.ch\/web\/wp-content\/uploads\/2015\/11\/portes-blind\u00e9es-1030x787.jpg 1030w, https:\/\/www.serrurierspeed.ch\/web\/wp-content\/uploads\/2015\/11\/portes-blind\u00e9es-705x538.jpg 705w, https:\/\/www.serrurierspeed.ch\/web\/wp-content\/uploads\/2015\/11\/portes-blind\u00e9es-450x344.jpg 450w, https:\/\/www.serrurierspeed.ch\/web\/wp-content\/uploads\/2015\/11\/portes-blind\u00e9es.jpg 1083w\" sizes=\"(max-width: 300px) 100vw, 300px\" \/><\/div><\/div><\/div><\/div><\/p>\n\n<style type=\"text\/css\" data-created_by=\"avia_inline_auto\" id=\"style-css-av-av_one_full-861e61f6c012e3b92d6114e965076e60\">\n.flex_column.av-av_one_full-861e61f6c012e3b92d6114e965076e60{\nborder-width:1px;\nborder-color:#e1e1e1;\nborder-style:solid;\n-webkit-border-radius:0px 0px 0px 0px;\n-moz-border-radius:0px 0px 0px 0px;\nborder-radius:0px 0px 0px 0px;\npadding:20px 20px 20px 20px;\nbackground-color:#fcfcfc;\n}\n<\/style>\n<div  class='flex_column av-av_one_full-861e61f6c012e3b92d6114e965076e60 av_one_full  avia-builder-el-14  el_after_av_one_half  avia-builder-el-last  first flex_column_div av-animated-generic bottom-to-top  column-top-margin'     ><section  class='av_textblock_section av-av_textblock-0366cc7376be6c9e82a3e9cc8987b64f '   itemscope=\"itemscope\" itemtype=\"https:\/\/schema.org\/CreativeWork\" ><div class='avia_textblock'  itemprop=\"text\" ><h2 class=\"headline text-color\"><span class=\"border-color\">Quelques conseils utiles<\/span><\/h2>\n<ul class=\"conseils\">\n<li>En mati\u00e8re de s\u00e9curit\u00e9, l&rsquo;id\u00e9al est d&rsquo;installer une v\u00e9ritable porte blind\u00e9e : c&rsquo;est-\u00e0-dire un ensemble porte et encadrement. Il existe quatre niveaux de certifications de la norme A2P BP pour \u00e9valuer la r\u00e9sistance des blocs porte : porte vitr\u00e9e, BP1, BP2, BP3.<\/li>\n<li>A ne pas n\u00e9gliger, la porte de la cave. Si elle n&rsquo;a pas forc\u00e9ment besoin du m\u00eame niveau de s\u00e9curit\u00e9 que la porte d&rsquo;entr\u00e9e, elle abrite tous vos biens personnels.<\/li>\n<li>Le garage repr\u00e9sente \u00e9galement une voie d&rsquo;entr\u00e9e facile, vous avez probablement int\u00e9r\u00eat \u00e0 faire \u00e9valuer cette issue par un sp\u00e9cialiste qui vous conseillera sur sa n\u00e9cessit\u00e9, ou non.<\/li>\n<li>N&rsquo;h\u00e9sitez pas \u00e0 demander conseil \u00e0 un sp\u00e9cialiste concernant le niveau d&rsquo;isolation thermique et acoustique que pourra vous apporter une porte renforc\u00e9e. Tout d\u00e9pendra de l&rsquo;installation et du mat\u00e9riau s\u00e9lectionn\u00e9.<\/li>\n<li>Enfin, \u00e0 ne pas oublier, il faut imp\u00e9rativement v\u00e9rifier le r\u00e8glement si vous habitez en copropri\u00e9t\u00e9, avant de demander les travaux \u00e0 une entreprise. Une pr\u00e9caution n\u00e9cessaire, en effet certaines copropri\u00e9t\u00e9s d\u00e9terminent ce qui est autoris\u00e9 en mati\u00e8re de pose de porte blind\u00e9e et les conditions.<\/li>\n<li>Une tendance actuelle conciste \u00e0 installer une deuxi\u00e8me porte blind\u00e9e, cette fois dans la chambre principale de l&rsquo;habitation. Cette seconde porte s\u00e9curis\u00e9e permet de cr\u00e9er une &lsquo;safe room&rsquo; aussi appel\u00e9e &lsquo;panic room&rsquo; et de gagner encore des mintutes suppl\u00e9mentaires avant l&rsquo;arriv\u00e9e des secours. \u00c0 noter qu&rsquo;il faut que les murs et le b\u00e2ti de cette chambre proposent eux aussi une r\u00e9elle solidit\u00e9.<\/li>\n<\/ul>\n<\/div><\/section><\/div>\n","protected":false},"excerpt":{"rendered":"","protected":false},"author":1,"featured_media":0,"parent":25,"menu_order":0,"comment_status":"closed","ping_status":"closed","template":"","meta":{"footnotes":""},"class_list":["post-138","page","type-page","status-publish","hentry"],"yoast_head":"<!-- This site is optimized with the Yoast SEO plugin v24.9 - https:\/\/yoast.com\/wordpress\/plugins\/seo\/ -->\n<title>Porte blind\u00e9e - SERRURIER GENEVE DEPANNAGE - Depannage Serrurerie Geneve Rapide - SOS Serrures ou cl\u00e9s cass\u00e9es Ouverture de porte Gen\u00e8ve 24h\/24<\/title>\n<meta name=\"robots\" content=\"index, follow, max-snippet:-1, max-image-preview:large, max-video-preview:-1\" \/>\n<link rel=\"canonical\" href=\"https:\/\/www.serrurierspeed.ch\/web\/serrurier-urgences\/porte_blindee\/\" \/>\n<meta property=\"og:locale\" content=\"fr_FR\" \/>\n<meta property=\"og:type\" content=\"article\" \/>\n<meta property=\"og:title\" content=\"Porte blind\u00e9e - SERRURIER GENEVE DEPANNAGE - Depannage Serrurerie Geneve Rapide - SOS Serrures ou cl\u00e9s cass\u00e9es Ouverture de porte Gen\u00e8ve 24h\/24\" \/>\n<meta property=\"og:url\" content=\"https:\/\/www.serrurierspeed.ch\/web\/serrurier-urgences\/porte_blindee\/\" \/>\n<meta property=\"og:site_name\" content=\"SERRURIER GENEVE DEPANNAGE - Depannage Serrurerie Geneve Rapide - SOS Serrures ou cl\u00e9s cass\u00e9es Ouverture de porte Gen\u00e8ve 24h\/24\" \/>\n<meta property=\"article:publisher\" content=\"https:\/\/www.facebook.com\/serrurierspeed\" \/>\n<meta property=\"article:modified_time\" content=\"2016-04-19T01:46:12+00:00\" \/>\n<meta name=\"twitter:card\" content=\"summary_large_image\" \/>\n<meta name=\"twitter:label1\" content=\"Dur\u00e9e de lecture estim\u00e9e\" \/>\n\t<meta name=\"twitter:data1\" content=\"7 minutes\" \/>\n<script type=\"application\/ld+json\" class=\"yoast-schema-graph\">{\"@context\":\"https:\/\/schema.org\",\"@graph\":[{\"@type\":\"WebPage\",\"@id\":\"https:\/\/www.serrurierspeed.ch\/web\/serrurier-urgences\/porte_blindee\/\",\"url\":\"https:\/\/www.serrurierspeed.ch\/web\/serrurier-urgences\/porte_blindee\/\",\"name\":\"Porte blind\u00e9e - SERRURIER GENEVE DEPANNAGE - Depannage Serrurerie Geneve Rapide - SOS Serrures ou cl\u00e9s cass\u00e9es Ouverture de porte Gen\u00e8ve 24h\/24\",\"isPartOf\":{\"@id\":\"https:\/\/www.serrurierspeed.ch\/web\/#website\"},\"datePublished\":\"2015-10-22T14:31:54+00:00\",\"dateModified\":\"2016-04-19T01:46:12+00:00\",\"breadcrumb\":{\"@id\":\"https:\/\/www.serrurierspeed.ch\/web\/serrurier-urgences\/porte_blindee\/#breadcrumb\"},\"inLanguage\":\"fr-FR\",\"potentialAction\":[{\"@type\":\"ReadAction\",\"target\":[\"https:\/\/www.serrurierspeed.ch\/web\/serrurier-urgences\/porte_blindee\/\"]}]},{\"@type\":\"BreadcrumbList\",\"@id\":\"https:\/\/www.serrurierspeed.ch\/web\/serrurier-urgences\/porte_blindee\/#breadcrumb\",\"itemListElement\":[{\"@type\":\"ListItem\",\"position\":1,\"name\":\"Accueil\",\"item\":\"https:\/\/www.serrurierspeed.ch\/web\/\"},{\"@type\":\"ListItem\",\"position\":2,\"name\":\"Service\",\"item\":\"https:\/\/www.serrurierspeed.ch\/web\/serrurier-urgences\/\"},{\"@type\":\"ListItem\",\"position\":3,\"name\":\"Porte blind\u00e9e\"}]},{\"@type\":\"WebSite\",\"@id\":\"https:\/\/www.serrurierspeed.ch\/web\/#website\",\"url\":\"https:\/\/www.serrurierspeed.ch\/web\/\",\"name\":\"SERRURIER GENEVE DEPANNAGE - Depannage Serrurerie Geneve Rapide - SOS Serrures ou cl\u00e9s cass\u00e9es Ouverture de porte Gen\u00e8ve 24h\/24\",\"description\":\"SERRURIER SPEED Depannage Geneve pas chers\",\"publisher\":{\"@id\":\"https:\/\/www.serrurierspeed.ch\/web\/#organization\"},\"potentialAction\":[{\"@type\":\"SearchAction\",\"target\":{\"@type\":\"EntryPoint\",\"urlTemplate\":\"https:\/\/www.serrurierspeed.ch\/web\/?s={search_term_string}\"},\"query-input\":{\"@type\":\"PropertyValueSpecification\",\"valueRequired\":true,\"valueName\":\"search_term_string\"}}],\"inLanguage\":\"fr-FR\"},{\"@type\":\"Organization\",\"@id\":\"https:\/\/www.serrurierspeed.ch\/web\/#organization\",\"name\":\"SERRURIER SPEED GENEVE DEPANNAGE - Depannage Serrurerie Geneve Rapide - SOS Serrures ou cl\u00e9s Cass\u00e9e Ouverture de porte Gen\u00e8ve 24h\/24\",\"url\":\"https:\/\/www.serrurierspeed.ch\/web\/\",\"logo\":{\"@type\":\"ImageObject\",\"inLanguage\":\"fr-FR\",\"@id\":\"https:\/\/www.serrurierspeed.ch\/web\/#\/schema\/logo\/image\/\",\"url\":\"https:\/\/www.serrurierspeed.ch\/web\/wp-content\/uploads\/2024\/04\/Capture-decran-2024-04-26-a-16.51.41.png\",\"contentUrl\":\"https:\/\/www.serrurierspeed.ch\/web\/wp-content\/uploads\/2024\/04\/Capture-decran-2024-04-26-a-16.51.41.png\",\"width\":614,\"height\":176,\"caption\":\"SERRURIER SPEED GENEVE DEPANNAGE - Depannage Serrurerie Geneve Rapide - SOS Serrures ou cl\u00e9s Cass\u00e9e Ouverture de porte Gen\u00e8ve 24h\/24\"},\"image\":{\"@id\":\"https:\/\/www.serrurierspeed.ch\/web\/#\/schema\/logo\/image\/\"},\"sameAs\":[\"https:\/\/www.facebook.com\/serrurierspeed\"]}]}<\/script>\n<!-- \/ Yoast SEO plugin. -->","yoast_head_json":{"title":"Porte blind\u00e9e - SERRURIER GENEVE DEPANNAGE - Depannage Serrurerie Geneve Rapide - SOS Serrures ou cl\u00e9s cass\u00e9es Ouverture de porte Gen\u00e8ve 24h\/24","robots":{"index":"index","follow":"follow","max-snippet":"max-snippet:-1","max-image-preview":"max-image-preview:large","max-video-preview":"max-video-preview:-1"},"canonical":"https:\/\/www.serrurierspeed.ch\/web\/serrurier-urgences\/porte_blindee\/","og_locale":"fr_FR","og_type":"article","og_title":"Porte blind\u00e9e - SERRURIER GENEVE DEPANNAGE - Depannage Serrurerie Geneve Rapide - SOS Serrures ou cl\u00e9s cass\u00e9es Ouverture de porte Gen\u00e8ve 24h\/24","og_url":"https:\/\/www.serrurierspeed.ch\/web\/serrurier-urgences\/porte_blindee\/","og_site_name":"SERRURIER GENEVE DEPANNAGE - Depannage Serrurerie Geneve Rapide - SOS Serrures ou cl\u00e9s cass\u00e9es Ouverture de porte Gen\u00e8ve 24h\/24","article_publisher":"https:\/\/www.facebook.com\/serrurierspeed","article_modified_time":"2016-04-19T01:46:12+00:00","twitter_card":"summary_large_image","twitter_misc":{"Dur\u00e9e de lecture estim\u00e9e":"7 minutes"},"schema":{"@context":"https:\/\/schema.org","@graph":[{"@type":"WebPage","@id":"https:\/\/www.serrurierspeed.ch\/web\/serrurier-urgences\/porte_blindee\/","url":"https:\/\/www.serrurierspeed.ch\/web\/serrurier-urgences\/porte_blindee\/","name":"Porte blind\u00e9e - SERRURIER GENEVE DEPANNAGE - Depannage Serrurerie Geneve Rapide - SOS Serrures ou cl\u00e9s cass\u00e9es Ouverture de porte Gen\u00e8ve 24h\/24","isPartOf":{"@id":"https:\/\/www.serrurierspeed.ch\/web\/#website"},"datePublished":"2015-10-22T14:31:54+00:00","dateModified":"2016-04-19T01:46:12+00:00","breadcrumb":{"@id":"https:\/\/www.serrurierspeed.ch\/web\/serrurier-urgences\/porte_blindee\/#breadcrumb"},"inLanguage":"fr-FR","potentialAction":[{"@type":"ReadAction","target":["https:\/\/www.serrurierspeed.ch\/web\/serrurier-urgences\/porte_blindee\/"]}]},{"@type":"BreadcrumbList","@id":"https:\/\/www.serrurierspeed.ch\/web\/serrurier-urgences\/porte_blindee\/#breadcrumb","itemListElement":[{"@type":"ListItem","position":1,"name":"Accueil","item":"https:\/\/www.serrurierspeed.ch\/web\/"},{"@type":"ListItem","position":2,"name":"Service","item":"https:\/\/www.serrurierspeed.ch\/web\/serrurier-urgences\/"},{"@type":"ListItem","position":3,"name":"Porte blind\u00e9e"}]},{"@type":"WebSite","@id":"https:\/\/www.serrurierspeed.ch\/web\/#website","url":"https:\/\/www.serrurierspeed.ch\/web\/","name":"SERRURIER GENEVE DEPANNAGE - Depannage Serrurerie Geneve Rapide - SOS Serrures ou cl\u00e9s cass\u00e9es Ouverture de porte Gen\u00e8ve 24h\/24","description":"SERRURIER SPEED Depannage Geneve pas chers","publisher":{"@id":"https:\/\/www.serrurierspeed.ch\/web\/#organization"},"potentialAction":[{"@type":"SearchAction","target":{"@type":"EntryPoint","urlTemplate":"https:\/\/www.serrurierspeed.ch\/web\/?s={search_term_string}"},"query-input":{"@type":"PropertyValueSpecification","valueRequired":true,"valueName":"search_term_string"}}],"inLanguage":"fr-FR"},{"@type":"Organization","@id":"https:\/\/www.serrurierspeed.ch\/web\/#organization","name":"SERRURIER SPEED GENEVE DEPANNAGE - Depannage Serrurerie Geneve Rapide - SOS Serrures ou cl\u00e9s Cass\u00e9e Ouverture de porte Gen\u00e8ve 24h\/24","url":"https:\/\/www.serrurierspeed.ch\/web\/","logo":{"@type":"ImageObject","inLanguage":"fr-FR","@id":"https:\/\/www.serrurierspeed.ch\/web\/#\/schema\/logo\/image\/","url":"https:\/\/www.serrurierspeed.ch\/web\/wp-content\/uploads\/2024\/04\/Capture-decran-2024-04-26-a-16.51.41.png","contentUrl":"https:\/\/www.serrurierspeed.ch\/web\/wp-content\/uploads\/2024\/04\/Capture-decran-2024-04-26-a-16.51.41.png","width":614,"height":176,"caption":"SERRURIER SPEED GENEVE DEPANNAGE - Depannage Serrurerie Geneve Rapide - SOS Serrures ou cl\u00e9s Cass\u00e9e Ouverture de porte Gen\u00e8ve 24h\/24"},"image":{"@id":"https:\/\/www.serrurierspeed.ch\/web\/#\/schema\/logo\/image\/"},"sameAs":["https:\/\/www.facebook.com\/serrurierspeed"]}]}},"_links":{"self":[{"href":"https:\/\/www.serrurierspeed.ch\/web\/wp-json\/wp\/v2\/pages\/138","targetHints":{"allow":["GET"]}}],"collection":[{"href":"https:\/\/www.serrurierspeed.ch\/web\/wp-json\/wp\/v2\/pages"}],"about":[{"href":"https:\/\/www.serrurierspeed.ch\/web\/wp-json\/wp\/v2\/types\/page"}],"author":[{"embeddable":true,"href":"https:\/\/www.serrurierspeed.ch\/web\/wp-json\/wp\/v2\/users\/1"}],"replies":[{"embeddable":true,"href":"https:\/\/www.serrurierspeed.ch\/web\/wp-json\/wp\/v2\/comments?post=138"}],"version-history":[{"count":3,"href":"https:\/\/www.serrurierspeed.ch\/web\/wp-json\/wp\/v2\/pages\/138\/revisions"}],"predecessor-version":[{"id":319,"href":"https:\/\/www.serrurierspeed.ch\/web\/wp-json\/wp\/v2\/pages\/138\/revisions\/319"}],"up":[{"embeddable":true,"href":"https:\/\/www.serrurierspeed.ch\/web\/wp-json\/wp\/v2\/pages\/25"}],"wp:attachment":[{"href":"https:\/\/www.serrurierspeed.ch\/web\/wp-json\/wp\/v2\/media?parent=138"}],"curies":[{"name":"wp","href":"https:\/\/api.w.org\/{rel}","templated":true}]}}