{"id":135,"date":"2015-10-22T15:31:25","date_gmt":"2015-10-22T14:31:25","guid":{"rendered":"http:\/\/test.kriesi.at\/construction\/?page_id=135"},"modified":"2015-11-30T04:40:38","modified_gmt":"2015-11-30T03:40:38","slug":"coffre_fort","status":"publish","type":"page","link":"https:\/\/www.serrurierspeed.ch\/web\/serrurier-urgences\/coffre_fort\/","title":{"rendered":"Coffre Fort"},"content":{"rendered":"<div  class='avia-slideshow av-av_slideshow-8fced049ccd559e945bdbf8d97b891d0 avia-slideshow-featured_large av_slideshow avia-fade-slider  avia-builder-el-0  el_before_av_one_full  avia-builder-el-first  av-slideshow-ui av-control-hidden av-no-slider-navigation av-hide-nav-arrows av-slideshow-autoplay av-loop-endless av-loop-manual-endless av-default-height-applied avia-slideshow-1' data-slideshow-options=\"{&quot;animation&quot;:&quot;fade&quot;,&quot;autoplay&quot;:true,&quot;loop_autoplay&quot;:&quot;endless&quot;,&quot;interval&quot;:5,&quot;loop_manual&quot;:&quot;manual-endless&quot;,&quot;autoplay_stopper&quot;:false,&quot;noNavigation&quot;:true,&quot;bg_slider&quot;:false,&quot;keep_padding&quot;:false,&quot;hoverpause&quot;:false,&quot;show_slide_delay&quot;:0}\"  itemprop=\"image\" itemscope=\"itemscope\" itemtype=\"https:\/\/schema.org\/ImageObject\" ><ul class='avia-slideshow-inner ' style='padding-bottom: 42%;'><li  class='avia-slideshow-slide av-av_slideshow-8fced049ccd559e945bdbf8d97b891d0__0  slide-1 slide-odd'><div data-rel='slideshow-1' class='avia-slide-wrap '   ><img decoding=\"async\" class=\"wp-image-287 avia-img-lazy-loading-not-287\"  src=\"https:\/\/www.serrurierspeed.ch\/web\/wp-content\/uploads\/2015\/11\/coffre_small-1500x630.jpg\" width=\"1500\" height=\"630\" title='coffre_small' alt=''  itemprop=\"thumbnailUrl\"   \/><\/div><\/li><li  class='avia-slideshow-slide av-av_slideshow-8fced049ccd559e945bdbf8d97b891d0__1  slide-2 slide-even'><div data-rel='slideshow-1' class='avia-slide-wrap '   ><img decoding=\"async\" class=\"wp-image-285 avia-img-lazy-loading-not-285\"  src=\"https:\/\/www.serrurierspeed.ch\/web\/wp-content\/uploads\/2015\/11\/coffre_hightech-1344x630.jpg\" width=\"1344\" height=\"630\" title='coffre_hightech' alt=''  itemprop=\"thumbnailUrl\"   \/><\/div><\/li><li  class='avia-slideshow-slide av-av_slideshow-8fced049ccd559e945bdbf8d97b891d0__2  slide-3 slide-odd'><div data-rel='slideshow-1' class='avia-slide-wrap '   ><img decoding=\"async\" class=\"wp-image-284 avia-img-lazy-loading-not-284\"  src=\"https:\/\/www.serrurierspeed.ch\/web\/wp-content\/uploads\/2015\/11\/coffre_fort-1024x630.jpg\" width=\"1024\" height=\"630\" title='Serrurier professionnel pour une installation de coffre fort' alt='Serrurier professionnel pour une installation de coffre fort'  itemprop=\"thumbnailUrl\"   \/><\/div><\/li><\/ul><div class='avia-slideshow-arrows avia-slideshow-controls' ><a href='#prev' class='prev-slide ' aria-hidden='true' data-av_icon='\ue87c' data-av_iconfont='entypo-fontello'  tabindex='-1'>Pr\u00e9c\u00e9dent<\/a><a href='#next' class='next-slide ' aria-hidden='true' data-av_icon='\ue87d' data-av_iconfont='entypo-fontello'  tabindex='-1'>Suivant<\/a><\/div><\/div>\n\n<style type=\"text\/css\" data-created_by=\"avia_inline_auto\" id=\"style-css-av-av_one_full-92ff25b687564606f9a40db418f3e7b5\">\n#top .flex_column.av-av_one_full-92ff25b687564606f9a40db418f3e7b5{\nmargin-top:0px;\nmargin-bottom:-50px;\n}\n.flex_column.av-av_one_full-92ff25b687564606f9a40db418f3e7b5{\n-webkit-border-radius:0px 0px 0px 0px;\n-moz-border-radius:0px 0px 0px 0px;\nborder-radius:0px 0px 0px 0px;\npadding:0px 0px 0px 0px;\n}\n.responsive #top #wrap_all .flex_column.av-av_one_full-92ff25b687564606f9a40db418f3e7b5{\nmargin-top:0px;\nmargin-bottom:-50px;\n}\n<\/style>\n<div  class='flex_column av-av_one_full-92ff25b687564606f9a40db418f3e7b5 av_one_full  avia-builder-el-1  el_after_av_slideshow  el_before_av_one_half  first flex_column_div av-animated-generic bottom-to-top av-zero-column-padding  '     ><p>\n<style type=\"text\/css\" data-created_by=\"avia_inline_auto\" id=\"style-css-av-av_heading-3c80533bc0eebc973b9d42670b3f6182\">\n#top .av-special-heading.av-av_heading-3c80533bc0eebc973b9d42670b3f6182{\npadding-bottom:0;\n}\nbody .av-special-heading.av-av_heading-3c80533bc0eebc973b9d42670b3f6182 .av-special-heading-tag .heading-char{\nfont-size:25px;\n}\n.av-special-heading.av-av_heading-3c80533bc0eebc973b9d42670b3f6182 .av-subheading{\nfont-size:15px;\n}\n<\/style>\n<div  class='av-special-heading av-av_heading-3c80533bc0eebc973b9d42670b3f6182 av-special-heading-h2 blockquote modern-quote  avia-builder-el-2  el_before_av_hr  avia-builder-el-first '><h2 class='av-special-heading-tag'  itemprop=\"headline\"  >Coffre Fort<\/h2><div class=\"special-heading-border\"><div class=\"special-heading-inner-border\"><\/div><\/div><\/div><br \/>\n\n<style type=\"text\/css\" data-created_by=\"avia_inline_auto\" id=\"style-css-av-av_hr-3e128d09911abf776949821b39a02bfe\">\n#top .hr.av-av_hr-3e128d09911abf776949821b39a02bfe{\nmargin-top:10px;\nmargin-bottom:10px;\n}\n.hr.av-av_hr-3e128d09911abf776949821b39a02bfe .hr-inner{\nwidth:50px;\nborder-color:#efbb20;\n}\n<\/style>\n<div  class='hr av-av_hr-3e128d09911abf776949821b39a02bfe hr-custom  avia-builder-el-3  el_after_av_heading  avia-builder-el-last  hr-left hr-icon-no'><span class='hr-inner inner-border-av-border-fat'><span class=\"hr-inner-style\"><\/span><\/span><\/div><\/p><\/div>\n\n<style type=\"text\/css\" data-created_by=\"avia_inline_auto\" id=\"style-css-av-av_one_half-d71a51a707c4656b37c9afbbd6138215\">\n.flex_column.av-av_one_half-d71a51a707c4656b37c9afbbd6138215{\n-webkit-border-radius:0px 0px 0px 0px;\n-moz-border-radius:0px 0px 0px 0px;\nborder-radius:0px 0px 0px 0px;\npadding:0px 0px 0px 0px;\n}\n<\/style>\n<div  class='flex_column av-av_one_half-d71a51a707c4656b37c9afbbd6138215 av_one_half  avia-builder-el-4  el_after_av_one_full  el_before_av_one_half  first flex_column_div av-animated-generic bottom-to-top av-zero-column-padding  column-top-margin'     ><section  class='av_textblock_section av-av_textblock-0366cc7376be6c9e82a3e9cc8987b64f '   itemscope=\"itemscope\" itemtype=\"https:\/\/schema.org\/CreativeWork\" ><div class='avia_textblock'  itemprop=\"text\" ><p>Dans le choix d&rsquo;un coffre-fort de nombreux crit\u00e8res doivent \u00eatre pris en compte. C&rsquo;est le cas notamment des normes et des certifications. Les mod\u00e8les propos\u00e9s sur le march\u00e9 ne sont pas con\u00e7us et diff\u00e8rent selon le type d&rsquo;utilisateur. Ainsi, les versions adapt\u00e9es aux besoins des professionnels tels que les commer\u00e7ants et les banques r\u00e9pondent \u00e0 la norme EN 1143-1.<\/p>\n<\/div><\/section><\/div>\n\n<style type=\"text\/css\" data-created_by=\"avia_inline_auto\" id=\"style-css-av-av_one_half-93bea18e2ccb60552a17080633244dec\">\n.flex_column.av-av_one_half-93bea18e2ccb60552a17080633244dec{\n-webkit-border-radius:0px 0px 0px 0px;\n-moz-border-radius:0px 0px 0px 0px;\nborder-radius:0px 0px 0px 0px;\npadding:0px 0px 0px 0px;\n}\n<\/style>\n<div  class='flex_column av-av_one_half-93bea18e2ccb60552a17080633244dec av_one_half  avia-builder-el-6  el_after_av_one_half  el_before_av_one_half  flex_column_div av-animated-generic bottom-to-top av-zero-column-padding  column-top-margin'     ><section  class='av_textblock_section av-av_textblock-0366cc7376be6c9e82a3e9cc8987b64f '   itemscope=\"itemscope\" itemtype=\"https:\/\/schema.org\/CreativeWork\" ><div class='avia_textblock'  itemprop=\"text\" ><p>Les coffres-fort poss\u00e9dant la norme A2P se caract\u00e9risent par leur grande solidit\u00e9. Pour les particuliers, les mod\u00e8les de coffre-fort mis au point par les fabricants sont conformes \u00e0 la norme europ\u00e9enne EN 14 450. Ceux-ci ont la particularit\u00e9 de c\u00e9der \u00e0 des outils comme les pinces et tournevis avec un temps de r\u00e9sistance assez court contrairement aux models A2P permettant de resister entre 5 et 15 minutes.<\/p>\n<\/div><\/section><\/div>\n\n<style type=\"text\/css\" data-created_by=\"avia_inline_auto\" id=\"style-css-av-av_one_half-d71a51a707c4656b37c9afbbd6138215\">\n.flex_column.av-av_one_half-d71a51a707c4656b37c9afbbd6138215{\n-webkit-border-radius:0px 0px 0px 0px;\n-moz-border-radius:0px 0px 0px 0px;\nborder-radius:0px 0px 0px 0px;\npadding:0px 0px 0px 0px;\n}\n<\/style>\n<div  class='flex_column av-av_one_half-d71a51a707c4656b37c9afbbd6138215 av_one_half  avia-builder-el-8  el_after_av_one_half  el_before_av_one_half  first flex_column_div av-animated-generic bottom-to-top av-zero-column-padding  column-top-margin'     ><p>\n<style type=\"text\/css\" data-created_by=\"avia_inline_auto\" id=\"style-css-av-av_heading-2098b389abd8a64afbabe70411c20a86\">\n#top .av-special-heading.av-av_heading-2098b389abd8a64afbabe70411c20a86{\npadding-bottom:0;\n}\nbody .av-special-heading.av-av_heading-2098b389abd8a64afbabe70411c20a86 .av-special-heading-tag .heading-char{\nfont-size:25px;\n}\n.av-special-heading.av-av_heading-2098b389abd8a64afbabe70411c20a86 .av-subheading{\nfont-size:15px;\n}\n<\/style>\n<div  class='av-special-heading av-av_heading-2098b389abd8a64afbabe70411c20a86 av-special-heading-h2 blockquote modern-quote  avia-builder-el-9  el_before_av_hr  avia-builder-el-first '><h2 class='av-special-heading-tag'  itemprop=\"headline\"  >Installation par un professionnel<\/h2><div class=\"special-heading-border\"><div class=\"special-heading-inner-border\"><\/div><\/div><\/div><br \/>\n\n<style type=\"text\/css\" data-created_by=\"avia_inline_auto\" id=\"style-css-av-av_hr-3e128d09911abf776949821b39a02bfe\">\n#top .hr.av-av_hr-3e128d09911abf776949821b39a02bfe{\nmargin-top:10px;\nmargin-bottom:10px;\n}\n.hr.av-av_hr-3e128d09911abf776949821b39a02bfe .hr-inner{\nwidth:50px;\nborder-color:#efbb20;\n}\n<\/style>\n<div  class='hr av-av_hr-3e128d09911abf776949821b39a02bfe hr-custom  avia-builder-el-10  el_after_av_heading  el_before_av_textblock  hr-left hr-icon-no'><span class='hr-inner inner-border-av-border-fat'><span class=\"hr-inner-style\"><\/span><\/span><\/div><br \/>\n<section  class='av_textblock_section av-av_textblock-0366cc7376be6c9e82a3e9cc8987b64f '   itemscope=\"itemscope\" itemtype=\"https:\/\/schema.org\/CreativeWork\" ><div class='avia_textblock'  itemprop=\"text\" ><p>Si certaines personnes s\u2019\u00e9vertuent \u00e0 fixer elles-m\u00eames leurs coffres et armoires-forte, il est plus judicieux de confier la t\u00e2che \u00e0 des professionnels. Le travail est assez d\u00e9licat puisque la s\u00e9curit\u00e9 repose sur une bonne pose du meuble. Ce serait dommage de voir son coffre arrach\u00e9 par des cambrioleurs parce que l\u2019installation a \u00e9t\u00e9 mal faite.<\/p>\n<p>Le travail du serrurier consiste \u00e0 fixer le coffre sur le sol ou \u00e0 proc\u00e9der \u00e0 un encastrement sans endommager les murs. Ces experts en la mati\u00e8re pourront \u00e9galement v\u00e9rifier que le syst\u00e8me de fermeture r\u00e9pond aux normes.<\/p>\n<\/div><\/section><\/p><\/div>\n\n<style type=\"text\/css\" data-created_by=\"avia_inline_auto\" id=\"style-css-av-av_one_half-93bea18e2ccb60552a17080633244dec\">\n.flex_column.av-av_one_half-93bea18e2ccb60552a17080633244dec{\n-webkit-border-radius:0px 0px 0px 0px;\n-moz-border-radius:0px 0px 0px 0px;\nborder-radius:0px 0px 0px 0px;\npadding:0px 0px 0px 0px;\n}\n<\/style>\n<div  class='flex_column av-av_one_half-93bea18e2ccb60552a17080633244dec av_one_half  avia-builder-el-12  el_after_av_one_half  el_before_av_one_full  flex_column_div av-animated-generic bottom-to-top av-zero-column-padding  column-top-margin'     ><style type=\"text\/css\" data-created_by=\"avia_inline_auto\" id=\"style-css-av-av_image-ea6510736012fc3418af691dce1dc516\">\n.avia-image-container.av-av_image-ea6510736012fc3418af691dce1dc516 img.avia_image{\nbox-shadow:none;\n}\n.avia-image-container.av-av_image-ea6510736012fc3418af691dce1dc516 .av-image-caption-overlay-center{\ncolor:#ffffff;\n}\n<\/style>\n<div  class='avia-image-container av-av_image-ea6510736012fc3418af691dce1dc516 av-styling-no-styling avia-align-center  avia-builder-el-13  avia-builder-el-no-sibling '   itemprop=\"image\" itemscope=\"itemscope\" itemtype=\"https:\/\/schema.org\/ImageObject\" ><div class=\"avia-image-container-inner\"><div class=\"avia-image-overlay-wrap\"><img decoding=\"async\" class='wp-image-286 avia-img-lazy-loading-not-286 avia_image ' src=\"https:\/\/www.serrurierspeed.ch\/web\/wp-content\/uploads\/2015\/11\/coffre_num-300x169.jpg\" alt='' title='coffre_num'  height=\"169\" width=\"300\"  itemprop=\"thumbnailUrl\" srcset=\"https:\/\/www.serrurierspeed.ch\/web\/wp-content\/uploads\/2015\/11\/coffre_num-300x169.jpg 300w, https:\/\/www.serrurierspeed.ch\/web\/wp-content\/uploads\/2015\/11\/coffre_num-1030x579.jpg 1030w, https:\/\/www.serrurierspeed.ch\/web\/wp-content\/uploads\/2015\/11\/coffre_num-1500x844.jpg 1500w, https:\/\/www.serrurierspeed.ch\/web\/wp-content\/uploads\/2015\/11\/coffre_num-705x397.jpg 705w, https:\/\/www.serrurierspeed.ch\/web\/wp-content\/uploads\/2015\/11\/coffre_num-450x253.jpg 450w, https:\/\/www.serrurierspeed.ch\/web\/wp-content\/uploads\/2015\/11\/coffre_num.jpg 2000w\" sizes=\"(max-width: 300px) 100vw, 300px\" \/><\/div><\/div><\/div><\/div>\n\n<style type=\"text\/css\" data-created_by=\"avia_inline_auto\" id=\"style-css-av-av_one_full-861e61f6c012e3b92d6114e965076e60\">\n.flex_column.av-av_one_full-861e61f6c012e3b92d6114e965076e60{\nborder-width:1px;\nborder-color:#e1e1e1;\nborder-style:solid;\n-webkit-border-radius:0px 0px 0px 0px;\n-moz-border-radius:0px 0px 0px 0px;\nborder-radius:0px 0px 0px 0px;\npadding:20px 20px 20px 20px;\nbackground-color:#fcfcfc;\n}\n<\/style>\n<div  class='flex_column av-av_one_full-861e61f6c012e3b92d6114e965076e60 av_one_full  avia-builder-el-14  el_after_av_one_half  avia-builder-el-last  first flex_column_div av-animated-generic bottom-to-top  column-top-margin'     ><section  class='av_textblock_section av-av_textblock-0366cc7376be6c9e82a3e9cc8987b64f '   itemscope=\"itemscope\" itemtype=\"https:\/\/schema.org\/CreativeWork\" ><div class='avia_textblock'  itemprop=\"text\" ><h3 class=\"primary-font\">Choisir un coffre-fort encastrable ou \u00e0 poser?<\/h3>\n<p class=\"text-muted\">Contrairement aux coffres-forts encastrables, il est plus complexe de dissimuler les coffres-forts \u00e0 poser. Il faut de plus le fixer \u00e0 un support solide pour \u00e9viter que les cambrioleurs ne partent directement avec sans avoir \u00e0 prendre le temps de l\u2019ouvrir sur place.<\/p>\n<p class=\"text-muted\">Les coffres-forts encastrables en plus d&rsquo;\u00eatre dissimul\u00e9s dans un mur et derri\u00e8re un tableau par exemple, sont solidement ancr\u00e9s dans le mur.<\/p>\n<\/div><\/section><\/div>\n","protected":false},"excerpt":{"rendered":"","protected":false},"author":1,"featured_media":0,"parent":25,"menu_order":0,"comment_status":"closed","ping_status":"closed","template":"","meta":{"footnotes":""},"class_list":["post-135","page","type-page","status-publish","hentry"],"yoast_head":"<!-- This site is optimized with the Yoast SEO plugin v24.9 - https:\/\/yoast.com\/wordpress\/plugins\/seo\/ -->\n<title>Coffre Fort - SERRURIER GENEVE DEPANNAGE - Depannage Serrurerie Geneve Rapide - SOS Serrures ou cl\u00e9s cass\u00e9es Ouverture de porte Gen\u00e8ve 24h\/24<\/title>\n<meta name=\"robots\" content=\"index, follow, max-snippet:-1, max-image-preview:large, max-video-preview:-1\" \/>\n<link rel=\"canonical\" href=\"https:\/\/www.serrurierspeed.ch\/web\/serrurier-urgences\/coffre_fort\/\" \/>\n<meta property=\"og:locale\" content=\"fr_FR\" \/>\n<meta property=\"og:type\" content=\"article\" \/>\n<meta property=\"og:title\" content=\"Coffre Fort - SERRURIER GENEVE DEPANNAGE - Depannage Serrurerie Geneve Rapide - SOS Serrures ou cl\u00e9s cass\u00e9es Ouverture de porte Gen\u00e8ve 24h\/24\" \/>\n<meta property=\"og:url\" content=\"https:\/\/www.serrurierspeed.ch\/web\/serrurier-urgences\/coffre_fort\/\" \/>\n<meta property=\"og:site_name\" content=\"SERRURIER GENEVE DEPANNAGE - Depannage Serrurerie Geneve Rapide - SOS Serrures ou cl\u00e9s cass\u00e9es Ouverture de porte Gen\u00e8ve 24h\/24\" \/>\n<meta property=\"article:publisher\" content=\"https:\/\/www.facebook.com\/serrurierspeed\" \/>\n<meta property=\"article:modified_time\" content=\"2015-11-30T03:40:38+00:00\" \/>\n<meta name=\"twitter:card\" content=\"summary_large_image\" \/>\n<meta name=\"twitter:label1\" content=\"Dur\u00e9e de lecture estim\u00e9e\" \/>\n\t<meta name=\"twitter:data1\" content=\"5 minutes\" \/>\n<script type=\"application\/ld+json\" class=\"yoast-schema-graph\">{\"@context\":\"https:\/\/schema.org\",\"@graph\":[{\"@type\":\"WebPage\",\"@id\":\"https:\/\/www.serrurierspeed.ch\/web\/serrurier-urgences\/coffre_fort\/\",\"url\":\"https:\/\/www.serrurierspeed.ch\/web\/serrurier-urgences\/coffre_fort\/\",\"name\":\"Coffre Fort - SERRURIER GENEVE DEPANNAGE - Depannage Serrurerie Geneve Rapide - SOS Serrures ou cl\u00e9s cass\u00e9es Ouverture de porte Gen\u00e8ve 24h\/24\",\"isPartOf\":{\"@id\":\"https:\/\/www.serrurierspeed.ch\/web\/#website\"},\"datePublished\":\"2015-10-22T14:31:25+00:00\",\"dateModified\":\"2015-11-30T03:40:38+00:00\",\"breadcrumb\":{\"@id\":\"https:\/\/www.serrurierspeed.ch\/web\/serrurier-urgences\/coffre_fort\/#breadcrumb\"},\"inLanguage\":\"fr-FR\",\"potentialAction\":[{\"@type\":\"ReadAction\",\"target\":[\"https:\/\/www.serrurierspeed.ch\/web\/serrurier-urgences\/coffre_fort\/\"]}]},{\"@type\":\"BreadcrumbList\",\"@id\":\"https:\/\/www.serrurierspeed.ch\/web\/serrurier-urgences\/coffre_fort\/#breadcrumb\",\"itemListElement\":[{\"@type\":\"ListItem\",\"position\":1,\"name\":\"Accueil\",\"item\":\"https:\/\/www.serrurierspeed.ch\/web\/\"},{\"@type\":\"ListItem\",\"position\":2,\"name\":\"Service\",\"item\":\"https:\/\/www.serrurierspeed.ch\/web\/serrurier-urgences\/\"},{\"@type\":\"ListItem\",\"position\":3,\"name\":\"Coffre Fort\"}]},{\"@type\":\"WebSite\",\"@id\":\"https:\/\/www.serrurierspeed.ch\/web\/#website\",\"url\":\"https:\/\/www.serrurierspeed.ch\/web\/\",\"name\":\"SERRURIER GENEVE DEPANNAGE - Depannage Serrurerie Geneve Rapide - SOS Serrures ou cl\u00e9s cass\u00e9es Ouverture de porte Gen\u00e8ve 24h\/24\",\"description\":\"SERRURIER SPEED Depannage Geneve pas chers\",\"publisher\":{\"@id\":\"https:\/\/www.serrurierspeed.ch\/web\/#organization\"},\"potentialAction\":[{\"@type\":\"SearchAction\",\"target\":{\"@type\":\"EntryPoint\",\"urlTemplate\":\"https:\/\/www.serrurierspeed.ch\/web\/?s={search_term_string}\"},\"query-input\":{\"@type\":\"PropertyValueSpecification\",\"valueRequired\":true,\"valueName\":\"search_term_string\"}}],\"inLanguage\":\"fr-FR\"},{\"@type\":\"Organization\",\"@id\":\"https:\/\/www.serrurierspeed.ch\/web\/#organization\",\"name\":\"SERRURIER SPEED GENEVE DEPANNAGE - Depannage Serrurerie Geneve Rapide - SOS Serrures ou cl\u00e9s Cass\u00e9e Ouverture de porte Gen\u00e8ve 24h\/24\",\"url\":\"https:\/\/www.serrurierspeed.ch\/web\/\",\"logo\":{\"@type\":\"ImageObject\",\"inLanguage\":\"fr-FR\",\"@id\":\"https:\/\/www.serrurierspeed.ch\/web\/#\/schema\/logo\/image\/\",\"url\":\"https:\/\/www.serrurierspeed.ch\/web\/wp-content\/uploads\/2024\/04\/Capture-decran-2024-04-26-a-16.51.41.png\",\"contentUrl\":\"https:\/\/www.serrurierspeed.ch\/web\/wp-content\/uploads\/2024\/04\/Capture-decran-2024-04-26-a-16.51.41.png\",\"width\":614,\"height\":176,\"caption\":\"SERRURIER SPEED GENEVE DEPANNAGE - Depannage Serrurerie Geneve Rapide - SOS Serrures ou cl\u00e9s Cass\u00e9e Ouverture de porte Gen\u00e8ve 24h\/24\"},\"image\":{\"@id\":\"https:\/\/www.serrurierspeed.ch\/web\/#\/schema\/logo\/image\/\"},\"sameAs\":[\"https:\/\/www.facebook.com\/serrurierspeed\"]}]}<\/script>\n<!-- \/ Yoast SEO plugin. -->","yoast_head_json":{"title":"Coffre Fort - SERRURIER GENEVE DEPANNAGE - Depannage Serrurerie Geneve Rapide - SOS Serrures ou cl\u00e9s cass\u00e9es Ouverture de porte Gen\u00e8ve 24h\/24","robots":{"index":"index","follow":"follow","max-snippet":"max-snippet:-1","max-image-preview":"max-image-preview:large","max-video-preview":"max-video-preview:-1"},"canonical":"https:\/\/www.serrurierspeed.ch\/web\/serrurier-urgences\/coffre_fort\/","og_locale":"fr_FR","og_type":"article","og_title":"Coffre Fort - SERRURIER GENEVE DEPANNAGE - Depannage Serrurerie Geneve Rapide - SOS Serrures ou cl\u00e9s cass\u00e9es Ouverture de porte Gen\u00e8ve 24h\/24","og_url":"https:\/\/www.serrurierspeed.ch\/web\/serrurier-urgences\/coffre_fort\/","og_site_name":"SERRURIER GENEVE DEPANNAGE - Depannage Serrurerie Geneve Rapide - SOS Serrures ou cl\u00e9s cass\u00e9es Ouverture de porte Gen\u00e8ve 24h\/24","article_publisher":"https:\/\/www.facebook.com\/serrurierspeed","article_modified_time":"2015-11-30T03:40:38+00:00","twitter_card":"summary_large_image","twitter_misc":{"Dur\u00e9e de lecture estim\u00e9e":"5 minutes"},"schema":{"@context":"https:\/\/schema.org","@graph":[{"@type":"WebPage","@id":"https:\/\/www.serrurierspeed.ch\/web\/serrurier-urgences\/coffre_fort\/","url":"https:\/\/www.serrurierspeed.ch\/web\/serrurier-urgences\/coffre_fort\/","name":"Coffre Fort - SERRURIER GENEVE DEPANNAGE - Depannage Serrurerie Geneve Rapide - SOS Serrures ou cl\u00e9s cass\u00e9es Ouverture de porte Gen\u00e8ve 24h\/24","isPartOf":{"@id":"https:\/\/www.serrurierspeed.ch\/web\/#website"},"datePublished":"2015-10-22T14:31:25+00:00","dateModified":"2015-11-30T03:40:38+00:00","breadcrumb":{"@id":"https:\/\/www.serrurierspeed.ch\/web\/serrurier-urgences\/coffre_fort\/#breadcrumb"},"inLanguage":"fr-FR","potentialAction":[{"@type":"ReadAction","target":["https:\/\/www.serrurierspeed.ch\/web\/serrurier-urgences\/coffre_fort\/"]}]},{"@type":"BreadcrumbList","@id":"https:\/\/www.serrurierspeed.ch\/web\/serrurier-urgences\/coffre_fort\/#breadcrumb","itemListElement":[{"@type":"ListItem","position":1,"name":"Accueil","item":"https:\/\/www.serrurierspeed.ch\/web\/"},{"@type":"ListItem","position":2,"name":"Service","item":"https:\/\/www.serrurierspeed.ch\/web\/serrurier-urgences\/"},{"@type":"ListItem","position":3,"name":"Coffre Fort"}]},{"@type":"WebSite","@id":"https:\/\/www.serrurierspeed.ch\/web\/#website","url":"https:\/\/www.serrurierspeed.ch\/web\/","name":"SERRURIER GENEVE DEPANNAGE - Depannage Serrurerie Geneve Rapide - SOS Serrures ou cl\u00e9s cass\u00e9es Ouverture de porte Gen\u00e8ve 24h\/24","description":"SERRURIER SPEED Depannage Geneve pas chers","publisher":{"@id":"https:\/\/www.serrurierspeed.ch\/web\/#organization"},"potentialAction":[{"@type":"SearchAction","target":{"@type":"EntryPoint","urlTemplate":"https:\/\/www.serrurierspeed.ch\/web\/?s={search_term_string}"},"query-input":{"@type":"PropertyValueSpecification","valueRequired":true,"valueName":"search_term_string"}}],"inLanguage":"fr-FR"},{"@type":"Organization","@id":"https:\/\/www.serrurierspeed.ch\/web\/#organization","name":"SERRURIER SPEED GENEVE DEPANNAGE - Depannage Serrurerie Geneve Rapide - SOS Serrures ou cl\u00e9s Cass\u00e9e Ouverture de porte Gen\u00e8ve 24h\/24","url":"https:\/\/www.serrurierspeed.ch\/web\/","logo":{"@type":"ImageObject","inLanguage":"fr-FR","@id":"https:\/\/www.serrurierspeed.ch\/web\/#\/schema\/logo\/image\/","url":"https:\/\/www.serrurierspeed.ch\/web\/wp-content\/uploads\/2024\/04\/Capture-decran-2024-04-26-a-16.51.41.png","contentUrl":"https:\/\/www.serrurierspeed.ch\/web\/wp-content\/uploads\/2024\/04\/Capture-decran-2024-04-26-a-16.51.41.png","width":614,"height":176,"caption":"SERRURIER SPEED GENEVE DEPANNAGE - Depannage Serrurerie Geneve Rapide - SOS Serrures ou cl\u00e9s Cass\u00e9e Ouverture de porte Gen\u00e8ve 24h\/24"},"image":{"@id":"https:\/\/www.serrurierspeed.ch\/web\/#\/schema\/logo\/image\/"},"sameAs":["https:\/\/www.facebook.com\/serrurierspeed"]}]}},"_links":{"self":[{"href":"https:\/\/www.serrurierspeed.ch\/web\/wp-json\/wp\/v2\/pages\/135","targetHints":{"allow":["GET"]}}],"collection":[{"href":"https:\/\/www.serrurierspeed.ch\/web\/wp-json\/wp\/v2\/pages"}],"about":[{"href":"https:\/\/www.serrurierspeed.ch\/web\/wp-json\/wp\/v2\/types\/page"}],"author":[{"embeddable":true,"href":"https:\/\/www.serrurierspeed.ch\/web\/wp-json\/wp\/v2\/users\/1"}],"replies":[{"embeddable":true,"href":"https:\/\/www.serrurierspeed.ch\/web\/wp-json\/wp\/v2\/comments?post=135"}],"version-history":[{"count":4,"href":"https:\/\/www.serrurierspeed.ch\/web\/wp-json\/wp\/v2\/pages\/135\/revisions"}],"predecessor-version":[{"id":317,"href":"https:\/\/www.serrurierspeed.ch\/web\/wp-json\/wp\/v2\/pages\/135\/revisions\/317"}],"up":[{"embeddable":true,"href":"https:\/\/www.serrurierspeed.ch\/web\/wp-json\/wp\/v2\/pages\/25"}],"wp:attachment":[{"href":"https:\/\/www.serrurierspeed.ch\/web\/wp-json\/wp\/v2\/media?parent=135"}],"curies":[{"name":"wp","href":"https:\/\/api.w.org\/{rel}","templated":true}]}}